{"id":54,"date":"2024-04-15T07:45:46","date_gmt":"2024-04-15T07:45:46","guid":{"rendered":"https:\/\/sapone.examedia.ch\/?page_id=54"},"modified":"2024-05-02T13:10:54","modified_gmt":"2024-05-02T13:10:54","slug":"fruehwerk","status":"publish","type":"page","link":"https:\/\/natalesapone.ch\/index.php\/werkschau\/fruehwerk\/","title":{"rendered":"Fr\u00fchwerk"},"content":{"rendered":"\n<p>Die Ausbildung von Natale Sapone am Istituto d\u2019Arte \u201eMattia Preti\u201c in Reggio Calabria und an der Accademia di Belle Arti di Brera in Mailand orientierten sich noch stark an traditionellen, akademischen Ausdrucksformen. Erste Werke von Natale Sapone zeigen den jungen K\u00fcnstler als einen begabten Portr\u00e4tisten, in dessen Schaffen sich aber keine Spuren der europ\u00e4ischen Avantgarde finden. Die fr\u00fchen Portr\u00e4ts, von denen sich nur wenige erhalten haben, sind in einem dunkeltonigen Grau gehalten, das noch nichts von der reinen Farbigkeit der sp\u00e4teren Werke erahnen l\u00e4sst.<\/p>\n\n\n\nngg_shortcode_0_placeholder\n","protected":false},"excerpt":{"rendered":"<p>Die Ausbildung von Natale Sapone am Istituto d\u2019Arte \u201eMattia Preti\u201c in Reggio Calabria und an der Accademia di Belle Arti di Brera in Mailand orientierten sich noch stark an traditionellen, akademischen Ausdrucksformen. Erste Werke von Natale Sapone zeigen den jungen K\u00fcnstler als einen begabten Portr\u00e4tisten, in dessen Schaffen sich aber keine Spuren der europ\u00e4ischen Avantgarde &#8230; <a title=\"Fr\u00fchwerk\" class=\"read-more\" href=\"https:\/\/natalesapone.ch\/index.php\/werkschau\/fruehwerk\/\" aria-label=\"Mehr Informationen \u00fcber Fr\u00fchwerk\">Weiterlesen<\/a><\/p>\n","protected":false},"author":2,"featured_media":0,"parent":52,"menu_order":0,"comment_status":"closed","ping_status":"closed","template":"","meta":{"ngg_post_thumbnail":0,"footnotes":""},"class_list":["post-54","page","type-page","status-publish"],"_links":{"self":[{"href":"https:\/\/natalesapone.ch\/index.php\/wp-json\/wp\/v2\/pages\/54"}],"collection":[{"href":"https:\/\/natalesapone.ch\/index.php\/wp-json\/wp\/v2\/pages"}],"about":[{"href":"https:\/\/natalesapone.ch\/index.php\/wp-json\/wp\/v2\/types\/page"}],"author":[{"embeddable":true,"href":"https:\/\/natalesapone.ch\/index.php\/wp-json\/wp\/v2\/users\/2"}],"replies":[{"embeddable":true,"href":"https:\/\/natalesapone.ch\/index.php\/wp-json\/wp\/v2\/comments?post=54"}],"version-history":[{"count":5,"href":"https:\/\/natalesapone.ch\/index.php\/wp-json\/wp\/v2\/pages\/54\/revisions"}],"predecessor-version":[{"id":536,"href":"https:\/\/natalesapone.ch\/index.php\/wp-json\/wp\/v2\/pages\/54\/revisions\/536"}],"up":[{"embeddable":true,"href":"https:\/\/natalesapone.ch\/index.php\/wp-json\/wp\/v2\/pages\/52"}],"wp:attachment":[{"href":"https:\/\/natalesapone.ch\/index.php\/wp-json\/wp\/v2\/media?parent=54"}],"curies":[{"name":"wp","href":"https:\/\/api.w.org\/{rel}","templated":true}]}}