{"id":469,"date":"2024-05-02T15:56:10","date_gmt":"2024-05-02T15:56:10","guid":{"rendered":"https:\/\/sapone.examedia.ch\/?page_id=469"},"modified":"2024-08-01T11:32:30","modified_gmt":"2024-08-01T11:32:30","slug":"impressum","status":"publish","type":"page","link":"https:\/\/natalesapone.ch\/index.php\/impressum\/","title":{"rendered":"Impressum"},"content":{"rendered":"\n<p><strong>Seiteninhaber:<\/strong><\/p>\n\n\n\n<p>Verein Werk Natale Sapone, Markus Landert, Lachenstrasse 25a, 8500 Frauenfeld<\/p>\n\n\n\n<p><strong>Copyright:<\/strong><\/p>\n\n\n\n<p>Texte und Fotografien bei den Autoren und Fotografen<\/p>\n\n\n\n<p><strong>Zitate:<\/strong><\/p>\n\n\n\n<p>Alle Zitate ohne besondere Kennzeichnung sind dem Gespr\u00e4ch entnommen, das Elisabeth Grossmann im Dezember 1989 mit Natale Sapone f\u00fchrte.<br>Aus: <em>Natale Sapone, Arbeiten 1960 -1990, Katalog zum 70.Geburtstag von Natale Sapone, E-Galerie, Z\u00fcrich 1990, S. 35 -42.<\/em><\/p>\n\n\n\n<p>Alle mit * gekennzeichneten Zitate stammen aus dem Film von Marco Carduff und Beat Morell.<br>Aus: <em>Natale Sapone, Ein Konkreter aus Leidenschaft, 1920-2002, Ein Film von Marco Carduff und Beat Morell.<\/em><\/p>\n\n\n\n<p><strong>Realisierung:<\/strong><\/p>\n\n\n\n<p>Franco Delessert, St.Gallen<\/p>\n\n\n\n<p><strong>CMS:<\/strong><\/p>\n\n\n\n<p><a href=\"https:\/\/www.concrete5.org\/\" target=\"_blank\" rel=\"noreferrer noopener\">=&gt; concrete5<\/a><\/p>\n","protected":false},"excerpt":{"rendered":"<p>Seiteninhaber: Verein Werk Natale Sapone, Markus Landert, Lachenstrasse 25a, 8500 Frauenfeld Copyright: Texte und Fotografien bei den Autoren und Fotografen Zitate: Alle Zitate ohne besondere Kennzeichnung sind dem Gespr\u00e4ch entnommen, das Elisabeth Grossmann im Dezember 1989 mit Natale Sapone f\u00fchrte.Aus: Natale Sapone, Arbeiten 1960 -1990, Katalog zum 70.Geburtstag von Natale Sapone, E-Galerie, Z\u00fcrich 1990, S. &#8230; <a title=\"Impressum\" class=\"read-more\" href=\"https:\/\/natalesapone.ch\/index.php\/impressum\/\" aria-label=\"Mehr Informationen \u00fcber Impressum\">Weiterlesen<\/a><\/p>\n","protected":false},"author":2,"featured_media":0,"parent":0,"menu_order":0,"comment_status":"closed","ping_status":"closed","template":"","meta":{"ngg_post_thumbnail":0,"footnotes":""},"class_list":["post-469","page","type-page","status-publish"],"_links":{"self":[{"href":"https:\/\/natalesapone.ch\/index.php\/wp-json\/wp\/v2\/pages\/469"}],"collection":[{"href":"https:\/\/natalesapone.ch\/index.php\/wp-json\/wp\/v2\/pages"}],"about":[{"href":"https:\/\/natalesapone.ch\/index.php\/wp-json\/wp\/v2\/types\/page"}],"author":[{"embeddable":true,"href":"https:\/\/natalesapone.ch\/index.php\/wp-json\/wp\/v2\/users\/2"}],"replies":[{"embeddable":true,"href":"https:\/\/natalesapone.ch\/index.php\/wp-json\/wp\/v2\/comments?post=469"}],"version-history":[{"count":2,"href":"https:\/\/natalesapone.ch\/index.php\/wp-json\/wp\/v2\/pages\/469\/revisions"}],"predecessor-version":[{"id":515,"href":"https:\/\/natalesapone.ch\/index.php\/wp-json\/wp\/v2\/pages\/469\/revisions\/515"}],"wp:attachment":[{"href":"https:\/\/natalesapone.ch\/index.php\/wp-json\/wp\/v2\/media?parent=469"}],"curies":[{"name":"wp","href":"https:\/\/api.w.org\/{rel}","templated":true}]}}