{"id":46,"date":"2024-04-12T13:43:30","date_gmt":"2024-04-12T13:43:30","guid":{"rendered":"https:\/\/sapone.examedia.ch\/?page_id=46"},"modified":"2024-05-02T16:17:24","modified_gmt":"2024-05-02T16:17:24","slug":"linkseite","status":"publish","type":"page","link":"https:\/\/natalesapone.ch\/index.php\/linkseite\/","title":{"rendered":"Linkseite"},"content":{"rendered":"\n<p><a href=\"http:\/\/www.sikart.ch\/KuenstlerInnen.aspx?id=4001455&amp;lng=de\" target=\"_blank\" rel=\"noreferrer noopener\">Schweizerisches Institut f\u00fcr Kunstwissenschaft<\/a><\/p>\n\n\n\n<p><a href=\"http:\/\/www.hauskonstruktiv.ch\/\" target=\"_blank\" rel=\"noreferrer noopener\">Museum Haus Konstruktiv, Z\u00fcrich<\/a><\/p>\n\n\n\n<p><a href=\"http:\/\/www.mkk-ingolstadt.de\/\" target=\"_blank\" rel=\"noreferrer noopener\">Museum f\u00fcr Konkrete Kunst, D-Ingolstadt<\/a><\/p>\n\n\n\n<p><a href=\"http:\/\/www.kunstmuseum.ch\" target=\"_blank\" rel=\"noreferrer noopener\">Kunstmuseum Thurgau und Ittinger Museum<\/a><\/p>\n","protected":false},"excerpt":{"rendered":"<p>Schweizerisches Institut f\u00fcr Kunstwissenschaft Museum Haus Konstruktiv, Z\u00fcrich Museum f\u00fcr Konkrete Kunst, D-Ingolstadt Kunstmuseum Thurgau und Ittinger Museum<\/p>\n","protected":false},"author":1,"featured_media":0,"parent":0,"menu_order":0,"comment_status":"closed","ping_status":"closed","template":"","meta":{"ngg_post_thumbnail":0,"footnotes":""},"class_list":["post-46","page","type-page","status-publish"],"_links":{"self":[{"href":"https:\/\/natalesapone.ch\/index.php\/wp-json\/wp\/v2\/pages\/46"}],"collection":[{"href":"https:\/\/natalesapone.ch\/index.php\/wp-json\/wp\/v2\/pages"}],"about":[{"href":"https:\/\/natalesapone.ch\/index.php\/wp-json\/wp\/v2\/types\/page"}],"author":[{"embeddable":true,"href":"https:\/\/natalesapone.ch\/index.php\/wp-json\/wp\/v2\/users\/1"}],"replies":[{"embeddable":true,"href":"https:\/\/natalesapone.ch\/index.php\/wp-json\/wp\/v2\/comments?post=46"}],"version-history":[{"count":2,"href":"https:\/\/natalesapone.ch\/index.php\/wp-json\/wp\/v2\/pages\/46\/revisions"}],"predecessor-version":[{"id":471,"href":"https:\/\/natalesapone.ch\/index.php\/wp-json\/wp\/v2\/pages\/46\/revisions\/471"}],"wp:attachment":[{"href":"https:\/\/natalesapone.ch\/index.php\/wp-json\/wp\/v2\/media?parent=46"}],"curies":[{"name":"wp","href":"https:\/\/api.w.org\/{rel}","templated":true}]}}