{"id":456,"date":"2024-05-02T15:45:18","date_gmt":"2024-05-02T15:45:18","guid":{"rendered":"https:\/\/sapone.examedia.ch\/?page_id=456"},"modified":"2026-03-01T20:15:27","modified_gmt":"2026-03-01T20:15:27","slug":"werke-von-natale-sapone-zum-verkauf","status":"publish","type":"page","link":"https:\/\/natalesapone.ch\/index.php\/werke-von-natale-sapone-zum-verkauf\/","title":{"rendered":"Werke von Natale Sapone zum Verkauf"},"content":{"rendered":"\n<p>Natale Sapone hinterliess einen umfangreichen k\u00fcnstlerischen Nachlass, der aus Tafelbildern, Grafiken, Objekten und Entw\u00fcrfen besteht. Galerien, Kunstkenner und Kunstliebhaber k\u00f6nnen aus diesem Nachlass f\u00fcr ihre Sammlung St\u00fccke erwerben.<\/p>\n\n\n\n<p>Einen Katalog mit\u00a0Werken von Natale Sapone, die im Besitz des Vereins sind und zum Verkauf stehen, k\u00f6nnen Sie\u00a0auf der Seite <a href=\"https:\/\/natalesapone.ch\/index.php\/dokumente-zum-herunterladen\/\" data-type=\"page\" data-id=\"458\">Dokumente \/ Downloads<\/a> einsehen. Wenn Sie an einem dieser Werke interessiert sind, freuen wir uns \u00fcber Ihre Mitteilung per Mail an verkauf@natalesapone.ch<\/p>\n\n\n\n<p><\/p>\n","protected":false},"excerpt":{"rendered":"<p>Natale Sapone hinterliess einen umfangreichen k\u00fcnstlerischen Nachlass, der aus Tafelbildern, Grafiken, Objekten und Entw\u00fcrfen besteht. Galerien, Kunstkenner und Kunstliebhaber k\u00f6nnen aus diesem Nachlass f\u00fcr ihre Sammlung St\u00fccke erwerben. Einen Katalog mit\u00a0Werken von Natale Sapone, die im Besitz des Vereins sind und zum Verkauf stehen, k\u00f6nnen Sie\u00a0auf der Seite Dokumente \/ Downloads einsehen. Wenn Sie an &#8230; <a title=\"Werke von Natale Sapone zum Verkauf\" class=\"read-more\" href=\"https:\/\/natalesapone.ch\/index.php\/werke-von-natale-sapone-zum-verkauf\/\" aria-label=\"Mehr Informationen \u00fcber Werke von Natale Sapone zum Verkauf\">Weiterlesen<\/a><\/p>\n","protected":false},"author":2,"featured_media":0,"parent":0,"menu_order":0,"comment_status":"closed","ping_status":"closed","template":"","meta":{"ngg_post_thumbnail":0,"footnotes":""},"class_list":["post-456","page","type-page","status-publish"],"_links":{"self":[{"href":"https:\/\/natalesapone.ch\/index.php\/wp-json\/wp\/v2\/pages\/456"}],"collection":[{"href":"https:\/\/natalesapone.ch\/index.php\/wp-json\/wp\/v2\/pages"}],"about":[{"href":"https:\/\/natalesapone.ch\/index.php\/wp-json\/wp\/v2\/types\/page"}],"author":[{"embeddable":true,"href":"https:\/\/natalesapone.ch\/index.php\/wp-json\/wp\/v2\/users\/2"}],"replies":[{"embeddable":true,"href":"https:\/\/natalesapone.ch\/index.php\/wp-json\/wp\/v2\/comments?post=456"}],"version-history":[{"count":3,"href":"https:\/\/natalesapone.ch\/index.php\/wp-json\/wp\/v2\/pages\/456\/revisions"}],"predecessor-version":[{"id":544,"href":"https:\/\/natalesapone.ch\/index.php\/wp-json\/wp\/v2\/pages\/456\/revisions\/544"}],"wp:attachment":[{"href":"https:\/\/natalesapone.ch\/index.php\/wp-json\/wp\/v2\/media?parent=456"}],"curies":[{"name":"wp","href":"https:\/\/api.w.org\/{rel}","templated":true}]}}