{"id":442,"date":"2024-05-02T15:35:39","date_gmt":"2024-05-02T15:35:39","guid":{"rendered":"https:\/\/sapone.examedia.ch\/?page_id=442"},"modified":"2024-05-02T15:35:40","modified_gmt":"2024-05-02T15:35:40","slug":"das-sagt-eugen-gomringer","status":"publish","type":"page","link":"https:\/\/natalesapone.ch\/index.php\/die-zeitung-nannte-ihn-maestro\/natale-sapone-versuch-einer-einschaetzung\/das-sagt-eugen-gomringer\/","title":{"rendered":"Das sagt Eugen Gomringer"},"content":{"rendered":"\n<p>\u00ab<q>Sapones Temperament, seine Spielfreude, aber auch seine Hingabe an die Pr\u00e4zision \u2013 Eigenschaften, die er selbst mit seiner Herkunft aus Land und Familie verbindet \u2013 haben die konstruktiv-konkrete Kunst neu befruchtet, welche insbesondere das runde Element aus der Ebene verbannte. Eine beispielhafte Entwicklung aufgrund eines Vorbildes \u2013 das Werk von Josef Albers \u2013 f\u00fchrt \u00fcber Verz\u00f6gerungen, \u00dcberwindungen, einsamen Entschl\u00fcssen zum eigenen Weg.<\/q>\u00bb<\/p>\n\n\n\n<p>Eugen Gomringer ist der erste Vertreter der &#8222;Konkreten Poesie&#8220; und hat dieser Kunstart auch ihren Namen gegeben. Eugen Gomringer ist Kunstexperte und war w\u00e4hrend seiner Frauenfelder Zeit Natale Sapones engster Freund.<\/p>\n","protected":false},"excerpt":{"rendered":"<p>\u00abSapones Temperament, seine Spielfreude, aber auch seine Hingabe an die Pr\u00e4zision \u2013 Eigenschaften, die er selbst mit seiner Herkunft aus Land und Familie verbindet \u2013 haben die konstruktiv-konkrete Kunst neu befruchtet, welche insbesondere das runde Element aus der Ebene verbannte. Eine beispielhafte Entwicklung aufgrund eines Vorbildes \u2013 das Werk von Josef Albers \u2013 f\u00fchrt \u00fcber &#8230; <a title=\"Das sagt Eugen Gomringer\" class=\"read-more\" href=\"https:\/\/natalesapone.ch\/index.php\/die-zeitung-nannte-ihn-maestro\/natale-sapone-versuch-einer-einschaetzung\/das-sagt-eugen-gomringer\/\" aria-label=\"Mehr Informationen \u00fcber Das sagt Eugen Gomringer\">Weiterlesen<\/a><\/p>\n","protected":false},"author":2,"featured_media":0,"parent":436,"menu_order":0,"comment_status":"closed","ping_status":"closed","template":"","meta":{"ngg_post_thumbnail":0,"footnotes":""},"class_list":["post-442","page","type-page","status-publish"],"_links":{"self":[{"href":"https:\/\/natalesapone.ch\/index.php\/wp-json\/wp\/v2\/pages\/442"}],"collection":[{"href":"https:\/\/natalesapone.ch\/index.php\/wp-json\/wp\/v2\/pages"}],"about":[{"href":"https:\/\/natalesapone.ch\/index.php\/wp-json\/wp\/v2\/types\/page"}],"author":[{"embeddable":true,"href":"https:\/\/natalesapone.ch\/index.php\/wp-json\/wp\/v2\/users\/2"}],"replies":[{"embeddable":true,"href":"https:\/\/natalesapone.ch\/index.php\/wp-json\/wp\/v2\/comments?post=442"}],"version-history":[{"count":1,"href":"https:\/\/natalesapone.ch\/index.php\/wp-json\/wp\/v2\/pages\/442\/revisions"}],"predecessor-version":[{"id":443,"href":"https:\/\/natalesapone.ch\/index.php\/wp-json\/wp\/v2\/pages\/442\/revisions\/443"}],"up":[{"embeddable":true,"href":"https:\/\/natalesapone.ch\/index.php\/wp-json\/wp\/v2\/pages\/436"}],"wp:attachment":[{"href":"https:\/\/natalesapone.ch\/index.php\/wp-json\/wp\/v2\/media?parent=442"}],"curies":[{"name":"wp","href":"https:\/\/api.w.org\/{rel}","templated":true}]}}