{"id":439,"date":"2024-05-02T15:34:00","date_gmt":"2024-05-02T15:34:00","guid":{"rendered":"https:\/\/sapone.examedia.ch\/?page_id=439"},"modified":"2024-05-02T15:34:50","modified_gmt":"2024-05-02T15:34:50","slug":"das-sagt-die-stadt-frauenfeld","status":"publish","type":"page","link":"https:\/\/natalesapone.ch\/index.php\/die-zeitung-nannte-ihn-maestro\/natale-sapone-versuch-einer-einschaetzung\/das-sagt-die-stadt-frauenfeld\/","title":{"rendered":"Das sagt die Stadt Frauenfeld &#8230;"},"content":{"rendered":"\n<p>\u00ab<q>Der verstorbene Natale Sapone geh\u00f6rt zu den bedeutenden Vertretern der konkreten Kunst und ist einer der wichtigsten K\u00fcnstler in der Geschichte der Stadt Frauenfeld. Als sich der 30j\u00e4hrige Natale Sapone Anfang der 50er Jahre in Frauenfeld niederliess, konnte er es sich wahrscheinlich noch nicht vorstellen, dass er hier den Rest seines Lebens verbringen und dereinst Schweizer werden, und dass noch lange nach seinem Tod sein Werk in ganz Frauenfeld pr\u00e4sent sein w\u00fcrde. Gerade in diesen Tagen hat die Stadt Frauenfeld wieder ein Bild von Sapone erworben, und zwar eine impressionistische Ansicht Frauenfelds aus fr\u00fchen Jahren.<\/q>\u00bb<\/p>\n\n\n\n<figure class=\"wp-block-image size-full\"><img loading=\"lazy\" decoding=\"async\" width=\"600\" height=\"400\" src=\"https:\/\/natalesapone.ch\/wp-content\/uploads\/2024\/05\/natale-sapone-inaugurazione-012_400x600.jpg\" alt=\"Der Stadtammann von Frauenfeld ehrt die Familie Sapone.\" class=\"wp-image-440\" srcset=\"https:\/\/natalesapone.ch\/wp-content\/uploads\/2024\/05\/natale-sapone-inaugurazione-012_400x600.jpg 600w, https:\/\/natalesapone.ch\/wp-content\/uploads\/2024\/05\/natale-sapone-inaugurazione-012_400x600-300x200.jpg 300w\" sizes=\"(max-width: 600px) 100vw, 600px\" \/><figcaption class=\"wp-element-caption\">Der Stadtammann von Frauenfeld ehrt die Familie Sapone.<\/figcaption><\/figure>\n","protected":false},"excerpt":{"rendered":"<p>\u00abDer verstorbene Natale Sapone geh\u00f6rt zu den bedeutenden Vertretern der konkreten Kunst und ist einer der wichtigsten K\u00fcnstler in der Geschichte der Stadt Frauenfeld. Als sich der 30j\u00e4hrige Natale Sapone Anfang der 50er Jahre in Frauenfeld niederliess, konnte er es sich wahrscheinlich noch nicht vorstellen, dass er hier den Rest seines Lebens verbringen und dereinst &#8230; <a title=\"Das sagt die Stadt Frauenfeld &#8230;\" class=\"read-more\" href=\"https:\/\/natalesapone.ch\/index.php\/die-zeitung-nannte-ihn-maestro\/natale-sapone-versuch-einer-einschaetzung\/das-sagt-die-stadt-frauenfeld\/\" aria-label=\"Mehr Informationen \u00fcber Das sagt die Stadt Frauenfeld &#8230;\">Weiterlesen<\/a><\/p>\n","protected":false},"author":2,"featured_media":0,"parent":436,"menu_order":0,"comment_status":"closed","ping_status":"closed","template":"","meta":{"ngg_post_thumbnail":0,"footnotes":""},"class_list":["post-439","page","type-page","status-publish"],"_links":{"self":[{"href":"https:\/\/natalesapone.ch\/index.php\/wp-json\/wp\/v2\/pages\/439"}],"collection":[{"href":"https:\/\/natalesapone.ch\/index.php\/wp-json\/wp\/v2\/pages"}],"about":[{"href":"https:\/\/natalesapone.ch\/index.php\/wp-json\/wp\/v2\/types\/page"}],"author":[{"embeddable":true,"href":"https:\/\/natalesapone.ch\/index.php\/wp-json\/wp\/v2\/users\/2"}],"replies":[{"embeddable":true,"href":"https:\/\/natalesapone.ch\/index.php\/wp-json\/wp\/v2\/comments?post=439"}],"version-history":[{"count":1,"href":"https:\/\/natalesapone.ch\/index.php\/wp-json\/wp\/v2\/pages\/439\/revisions"}],"predecessor-version":[{"id":441,"href":"https:\/\/natalesapone.ch\/index.php\/wp-json\/wp\/v2\/pages\/439\/revisions\/441"}],"up":[{"embeddable":true,"href":"https:\/\/natalesapone.ch\/index.php\/wp-json\/wp\/v2\/pages\/436"}],"wp:attachment":[{"href":"https:\/\/natalesapone.ch\/index.php\/wp-json\/wp\/v2\/media?parent=439"}],"curies":[{"name":"wp","href":"https:\/\/api.w.org\/{rel}","templated":true}]}}