{"id":436,"date":"2024-05-02T15:31:48","date_gmt":"2024-05-02T15:31:48","guid":{"rendered":"https:\/\/sapone.examedia.ch\/?page_id=436"},"modified":"2024-05-02T15:31:48","modified_gmt":"2024-05-02T15:31:48","slug":"natale-sapone-versuch-einer-einschaetzung","status":"publish","type":"page","link":"https:\/\/natalesapone.ch\/index.php\/die-zeitung-nannte-ihn-maestro\/natale-sapone-versuch-einer-einschaetzung\/","title":{"rendered":"Natale Sapone \u2013 Versuch einer Einsch\u00e4tzung"},"content":{"rendered":"\n<p>\u00ab<q>Meine Erfahrung ist, dass Bilder ihren Wert dadurch verlieren, dass sie nach 20 &#8211; 30 Jahren quasi ausgeschaut sind &#8230; Ich meine allerdings, dass bei Sapone diese Halbwertszeit l\u00e4nger dauern wird.<\/q>\u00bb*<br>Markus Landert, Leiter Kunstmuseum Kanton Thurgau<\/p>\n\n\n\n<p>Viele Ausstellungen befassten sich mit dem Werk Sapones. Dies geschah nicht nur in seinem Heimatkanton Thurgau. Er fand auch grosses Interesse in der Ostschweiz, in Z\u00fcrich und in S\u00fcddeutschland. Auch wenn der internationale Erfolg ausblieb, werden seine Werke von Freunden und Sammlern bis heute sehr gesch\u00e4tzt. F\u00fcr seine Arbeit erhielt Sapone unter anderem den Kulturpreis des Kantons Thurgau.<\/p>\n\n\n\n<figure class=\"wp-block-image size-full\"><img loading=\"lazy\" decoding=\"async\" width=\"600\" height=\"310\" src=\"https:\/\/natalesapone.ch\/wp-content\/uploads\/2024\/05\/triptichon_310x600.jpg\" alt=\"Viele seiner Werke sind heute im \u00f6ffentlichen Raum zu sehen, in B\u00fcros, Banken, Verwaltungsgeb\u00e4uden.\" class=\"wp-image-437\" srcset=\"https:\/\/natalesapone.ch\/wp-content\/uploads\/2024\/05\/triptichon_310x600.jpg 600w, https:\/\/natalesapone.ch\/wp-content\/uploads\/2024\/05\/triptichon_310x600-300x155.jpg 300w\" sizes=\"(max-width: 600px) 100vw, 600px\" \/><figcaption class=\"wp-element-caption\">Viele seiner Werke sind heute im \u00f6ffentlichen Raum zu sehen, in B\u00fcros, Banken, Verwaltungsgeb\u00e4uden.<\/figcaption><\/figure>\n","protected":false},"excerpt":{"rendered":"<p>\u00abMeine Erfahrung ist, dass Bilder ihren Wert dadurch verlieren, dass sie nach 20 &#8211; 30 Jahren quasi ausgeschaut sind &#8230; Ich meine allerdings, dass bei Sapone diese Halbwertszeit l\u00e4nger dauern wird.\u00bb*Markus Landert, Leiter Kunstmuseum Kanton Thurgau Viele Ausstellungen befassten sich mit dem Werk Sapones. Dies geschah nicht nur in seinem Heimatkanton Thurgau. Er fand auch &#8230; <a title=\"Natale Sapone \u2013 Versuch einer Einsch\u00e4tzung\" class=\"read-more\" href=\"https:\/\/natalesapone.ch\/index.php\/die-zeitung-nannte-ihn-maestro\/natale-sapone-versuch-einer-einschaetzung\/\" aria-label=\"Mehr Informationen \u00fcber Natale Sapone \u2013 Versuch einer Einsch\u00e4tzung\">Weiterlesen<\/a><\/p>\n","protected":false},"author":2,"featured_media":0,"parent":166,"menu_order":0,"comment_status":"closed","ping_status":"closed","template":"","meta":{"ngg_post_thumbnail":0,"footnotes":""},"class_list":["post-436","page","type-page","status-publish"],"_links":{"self":[{"href":"https:\/\/natalesapone.ch\/index.php\/wp-json\/wp\/v2\/pages\/436"}],"collection":[{"href":"https:\/\/natalesapone.ch\/index.php\/wp-json\/wp\/v2\/pages"}],"about":[{"href":"https:\/\/natalesapone.ch\/index.php\/wp-json\/wp\/v2\/types\/page"}],"author":[{"embeddable":true,"href":"https:\/\/natalesapone.ch\/index.php\/wp-json\/wp\/v2\/users\/2"}],"replies":[{"embeddable":true,"href":"https:\/\/natalesapone.ch\/index.php\/wp-json\/wp\/v2\/comments?post=436"}],"version-history":[{"count":1,"href":"https:\/\/natalesapone.ch\/index.php\/wp-json\/wp\/v2\/pages\/436\/revisions"}],"predecessor-version":[{"id":438,"href":"https:\/\/natalesapone.ch\/index.php\/wp-json\/wp\/v2\/pages\/436\/revisions\/438"}],"up":[{"embeddable":true,"href":"https:\/\/natalesapone.ch\/index.php\/wp-json\/wp\/v2\/pages\/166"}],"wp:attachment":[{"href":"https:\/\/natalesapone.ch\/index.php\/wp-json\/wp\/v2\/media?parent=436"}],"curies":[{"name":"wp","href":"https:\/\/api.w.org\/{rel}","templated":true}]}}