{"id":430,"date":"2024-05-02T15:27:28","date_gmt":"2024-05-02T15:27:28","guid":{"rendered":"https:\/\/sapone.examedia.ch\/?page_id=430"},"modified":"2024-05-02T15:27:29","modified_gmt":"2024-05-02T15:27:29","slug":"skulptur-fuer-die-universitaet-zuerich-irchel","status":"publish","type":"page","link":"https:\/\/natalesapone.ch\/index.php\/die-zeitung-nannte-ihn-maestro\/natale-sapone-wo-man-ihn-heute-noch-findet\/skulptur-fuer-die-universitaet-zuerich-irchel\/","title":{"rendered":"Skulptur f\u00fcr die Universit\u00e4t Z\u00fcrich-Irchel"},"content":{"rendered":"\n<p>Ein wichtiges Projekt f\u00fcr Natale Sapone war der Wettbewerb f\u00fcr den Aussenbereich der Universit\u00e4t Irchel in Z\u00fcrich. 1980 dazu eingeladen gewann er in Folge den 1. Preis.<\/p>\n\n\n\n<p>Natale Sapone: <q>F\u00fcr den vorgesehenen Standort, unmittelbar vor dem Eingang der H\u00f6rs\u00e4le, habe ich eine quadratische, flache Skulptur geschaffen, welche wiederum das Wellenmotiv variiert. Dieses f\u00fchrt als Diagonalband um die gesamte Skulptur herum. Es ist eine ruhige, elegante Arbeit, die ich urspr\u00fcnglich in Stein anfertigen lassen wollte. Leider waren die Kosten daf\u00fcr zu hoch und wir haben uns in der Kommission f\u00fcr Keramik entschieden. Diese hat dem schweizerischen Klima nicht standgehalten. Dadurch mussten wir zum zweiten Mal schon, die Sockelzone restaurieren.<\/q><\/p>\n\n\n\n<p>Nach weiteren witterungsbedingten Sch\u00e4den in der Keramik, wurde die Skulptur im Nachhinein vollst\u00e4ndig abgebaut, rekonstruiert und im Innenhof der Universit\u00e4t neu aufgebaut.<\/p>\n\n\n\n<figure class=\"wp-block-image size-full\"><img loading=\"lazy\" decoding=\"async\" width=\"407\" height=\"600\" src=\"https:\/\/natalesapone.ch\/wp-content\/uploads\/2024\/05\/universita-zurigo-irchel-pasqua-1985_600x407.jpg\" alt=\"Natale Sapone vor seiner Skulptur \u00abBewegung\u00bb, Keramik 230 x 245 x 60 cm, im Aussenbereich an der Universit\u00e4t Z\u00fcrich, Ostern 1985\" class=\"wp-image-431\" srcset=\"https:\/\/natalesapone.ch\/wp-content\/uploads\/2024\/05\/universita-zurigo-irchel-pasqua-1985_600x407.jpg 407w, https:\/\/natalesapone.ch\/wp-content\/uploads\/2024\/05\/universita-zurigo-irchel-pasqua-1985_600x407-204x300.jpg 204w\" sizes=\"(max-width: 407px) 100vw, 407px\" \/><figcaption class=\"wp-element-caption\">Natale Sapone vor seiner Skulptur \u00abBewegung\u00bb, Keramik 230 x 245 x 60 cm, im Aussenbereich an der Universit\u00e4t Z\u00fcrich, Ostern 1985<\/figcaption><\/figure>\n","protected":false},"excerpt":{"rendered":"<p>Ein wichtiges Projekt f\u00fcr Natale Sapone war der Wettbewerb f\u00fcr den Aussenbereich der Universit\u00e4t Irchel in Z\u00fcrich. 1980 dazu eingeladen gewann er in Folge den 1. Preis. Natale Sapone: F\u00fcr den vorgesehenen Standort, unmittelbar vor dem Eingang der H\u00f6rs\u00e4le, habe ich eine quadratische, flache Skulptur geschaffen, welche wiederum das Wellenmotiv variiert. Dieses f\u00fchrt als Diagonalband &#8230; <a title=\"Skulptur f\u00fcr die Universit\u00e4t Z\u00fcrich-Irchel\" class=\"read-more\" href=\"https:\/\/natalesapone.ch\/index.php\/die-zeitung-nannte-ihn-maestro\/natale-sapone-wo-man-ihn-heute-noch-findet\/skulptur-fuer-die-universitaet-zuerich-irchel\/\" aria-label=\"Mehr Informationen \u00fcber Skulptur f\u00fcr die Universit\u00e4t Z\u00fcrich-Irchel\">Weiterlesen<\/a><\/p>\n","protected":false},"author":2,"featured_media":0,"parent":419,"menu_order":0,"comment_status":"closed","ping_status":"closed","template":"","meta":{"ngg_post_thumbnail":0,"footnotes":""},"class_list":["post-430","page","type-page","status-publish"],"_links":{"self":[{"href":"https:\/\/natalesapone.ch\/index.php\/wp-json\/wp\/v2\/pages\/430"}],"collection":[{"href":"https:\/\/natalesapone.ch\/index.php\/wp-json\/wp\/v2\/pages"}],"about":[{"href":"https:\/\/natalesapone.ch\/index.php\/wp-json\/wp\/v2\/types\/page"}],"author":[{"embeddable":true,"href":"https:\/\/natalesapone.ch\/index.php\/wp-json\/wp\/v2\/users\/2"}],"replies":[{"embeddable":true,"href":"https:\/\/natalesapone.ch\/index.php\/wp-json\/wp\/v2\/comments?post=430"}],"version-history":[{"count":1,"href":"https:\/\/natalesapone.ch\/index.php\/wp-json\/wp\/v2\/pages\/430\/revisions"}],"predecessor-version":[{"id":432,"href":"https:\/\/natalesapone.ch\/index.php\/wp-json\/wp\/v2\/pages\/430\/revisions\/432"}],"up":[{"embeddable":true,"href":"https:\/\/natalesapone.ch\/index.php\/wp-json\/wp\/v2\/pages\/419"}],"wp:attachment":[{"href":"https:\/\/natalesapone.ch\/index.php\/wp-json\/wp\/v2\/media?parent=430"}],"curies":[{"name":"wp","href":"https:\/\/api.w.org\/{rel}","templated":true}]}}