{"id":427,"date":"2024-05-02T15:26:07","date_gmt":"2024-05-02T15:26:07","guid":{"rendered":"https:\/\/sapone.examedia.ch\/?page_id=427"},"modified":"2024-05-02T15:26:07","modified_gmt":"2024-05-02T15:26:07","slug":"natale-sapone-spuren-in-ittingen","status":"publish","type":"page","link":"https:\/\/natalesapone.ch\/index.php\/die-zeitung-nannte-ihn-maestro\/natale-sapone-wo-man-ihn-heute-noch-findet\/natale-sapone-spuren-in-ittingen\/","title":{"rendered":"Natale Sapone: Spuren in Ittingen"},"content":{"rendered":"\n<p>In der Kartause Ittingen ist das Kunstmuseum des Kantons Thurgau untergebracht. Das Museum kaufte schon fr\u00fch Werke Sapones und stellte sie regelm\u00e4ssig aus.<\/p>\n\n\n\n<p>Nur wenige Tage vor seinem Tod schenkte Natale Sapone dem Kunstmuseum eine repr\u00e4sentative Werkgruppe. Auch jetzt, nach vielen Jahren, spielt Ittingen eine wichtige Rolle, das Andenken an den letzten Thurgauer Konstruktivisten aufrecht zu erhalten.<\/p>\n\n\n\n<figure class=\"wp-block-image size-full\"><img loading=\"lazy\" decoding=\"async\" width=\"600\" height=\"450\" src=\"https:\/\/natalesapone.ch\/wp-content\/uploads\/2024\/05\/sammlungspraesentation-im-kunstmuseum-2008_450x600.jpg\" alt=\"Werke Sapones in den R\u00e4umen des Kunstmuseums Thurgau\" class=\"wp-image-428\" srcset=\"https:\/\/natalesapone.ch\/wp-content\/uploads\/2024\/05\/sammlungspraesentation-im-kunstmuseum-2008_450x600.jpg 600w, https:\/\/natalesapone.ch\/wp-content\/uploads\/2024\/05\/sammlungspraesentation-im-kunstmuseum-2008_450x600-300x225.jpg 300w\" sizes=\"(max-width: 600px) 100vw, 600px\" \/><figcaption class=\"wp-element-caption\">Werke Sapones in den R\u00e4umen des Kunstmuseums Thurgau<\/figcaption><\/figure>\n","protected":false},"excerpt":{"rendered":"<p>In der Kartause Ittingen ist das Kunstmuseum des Kantons Thurgau untergebracht. Das Museum kaufte schon fr\u00fch Werke Sapones und stellte sie regelm\u00e4ssig aus. Nur wenige Tage vor seinem Tod schenkte Natale Sapone dem Kunstmuseum eine repr\u00e4sentative Werkgruppe. Auch jetzt, nach vielen Jahren, spielt Ittingen eine wichtige Rolle, das Andenken an den letzten Thurgauer Konstruktivisten aufrecht &#8230; <a title=\"Natale Sapone: Spuren in Ittingen\" class=\"read-more\" href=\"https:\/\/natalesapone.ch\/index.php\/die-zeitung-nannte-ihn-maestro\/natale-sapone-wo-man-ihn-heute-noch-findet\/natale-sapone-spuren-in-ittingen\/\" aria-label=\"Mehr Informationen \u00fcber Natale Sapone: Spuren in Ittingen\">Weiterlesen<\/a><\/p>\n","protected":false},"author":2,"featured_media":0,"parent":419,"menu_order":0,"comment_status":"closed","ping_status":"closed","template":"","meta":{"ngg_post_thumbnail":0,"footnotes":""},"class_list":["post-427","page","type-page","status-publish"],"_links":{"self":[{"href":"https:\/\/natalesapone.ch\/index.php\/wp-json\/wp\/v2\/pages\/427"}],"collection":[{"href":"https:\/\/natalesapone.ch\/index.php\/wp-json\/wp\/v2\/pages"}],"about":[{"href":"https:\/\/natalesapone.ch\/index.php\/wp-json\/wp\/v2\/types\/page"}],"author":[{"embeddable":true,"href":"https:\/\/natalesapone.ch\/index.php\/wp-json\/wp\/v2\/users\/2"}],"replies":[{"embeddable":true,"href":"https:\/\/natalesapone.ch\/index.php\/wp-json\/wp\/v2\/comments?post=427"}],"version-history":[{"count":1,"href":"https:\/\/natalesapone.ch\/index.php\/wp-json\/wp\/v2\/pages\/427\/revisions"}],"predecessor-version":[{"id":429,"href":"https:\/\/natalesapone.ch\/index.php\/wp-json\/wp\/v2\/pages\/427\/revisions\/429"}],"up":[{"embeddable":true,"href":"https:\/\/natalesapone.ch\/index.php\/wp-json\/wp\/v2\/pages\/419"}],"wp:attachment":[{"href":"https:\/\/natalesapone.ch\/index.php\/wp-json\/wp\/v2\/media?parent=427"}],"curies":[{"name":"wp","href":"https:\/\/api.w.org\/{rel}","templated":true}]}}