{"id":422,"date":"2024-05-02T15:24:25","date_gmt":"2024-05-02T15:24:25","guid":{"rendered":"https:\/\/sapone.examedia.ch\/?page_id=422"},"modified":"2024-05-02T15:24:25","modified_gmt":"2024-05-02T15:24:25","slug":"natale-sapone-spuren-in-frauenfeld","status":"publish","type":"page","link":"https:\/\/natalesapone.ch\/index.php\/natale-sapone-spuren-in-frauenfeld\/","title":{"rendered":"Natale Sapone: Spuren in Frauenfeld"},"content":{"rendered":"\n<p>1987\/88 erstellte der Kanton Thurgau bei Uesslingen eine neue Br\u00fccke \u00fcber die Thur. Natale Sapone gewann den Wettbewerb f\u00fcr den k\u00fcnstlerischen Schmuck des Bauwerks mit dem Vorschlag f\u00fcr die Aufstellung von zwei Pentagon-Konstellationen bei den Br\u00fcckenk\u00f6pfen. Die Uesslinger Bev\u00f6lkerung wehrte sich dann allerdings gegen die definitive Aufstellung der Skulpturen, so dass der K\u00fcnstler die Werke zur\u00fccknehmen musste. Er stellte sie vor seinem Atelier und Wohnhaus in Frauenfeld auf, wo sie bis heute als Dauerleihgabe des Kunstmuseums Thurgau steht. 2011 wurde die Arbeit wegen Besch\u00e4digungen neu gespritzt und pr\u00e4sentiert sich heute wieder wie neu.<\/p>\n\n\n\n<figure class=\"wp-block-image size-full\"><img loading=\"lazy\" decoding=\"async\" width=\"400\" height=\"600\" src=\"https:\/\/natalesapone.ch\/wp-content\/uploads\/2024\/05\/pentagon-konstellation-1989_600x400.jpg\" alt=\"Pentagon-Konstellation, Aluminium lackiert, 1989, 320 x 200 x 100 cm\" class=\"wp-image-423\" srcset=\"https:\/\/natalesapone.ch\/wp-content\/uploads\/2024\/05\/pentagon-konstellation-1989_600x400.jpg 400w, https:\/\/natalesapone.ch\/wp-content\/uploads\/2024\/05\/pentagon-konstellation-1989_600x400-200x300.jpg 200w\" sizes=\"(max-width: 400px) 100vw, 400px\" \/><figcaption class=\"wp-element-caption\">Pentagon-Konstellation, Aluminium lackiert, 1989, 320 x 200 x 100 cm<\/figcaption><\/figure>\n\n\n\n<p>Mitte der Siebzigerjahre gestaltete Natale Sapone eine Gruppe von Holzskulpturen, in denen er die rhythmische Bewegung von geometrischen Formen im Raum thematisierte. Zwei dieser Skulpturen verblieben bis zu seinem Tod in seinem Atelier. Die gezeigte Arbeit wurde vom Verein Werk Natale Sapone und der Familie des K\u00fcnstlers anl\u00e4sslich der ersten Generalversammlung des Vereins der Stadt Frauenfeld geschenkt. Die Skulptur, heute im Foyer des Hochbauamtes der Stadt aufgestellt, kann w\u00e4hrend der B\u00fcrozeiten besichtigt werden.<\/p>\n\n\n\n<figure class=\"wp-block-image size-full\"><img loading=\"lazy\" decoding=\"async\" width=\"450\" height=\"600\" src=\"https:\/\/natalesapone.ch\/wp-content\/uploads\/2024\/05\/bewegung-buche-1976_600x450.jpg\" alt=\"Bewegung, Holzskulptur, Buche, 1976, 105 x 102 x 80 cm\" class=\"wp-image-424\" srcset=\"https:\/\/natalesapone.ch\/wp-content\/uploads\/2024\/05\/bewegung-buche-1976_600x450.jpg 450w, https:\/\/natalesapone.ch\/wp-content\/uploads\/2024\/05\/bewegung-buche-1976_600x450-225x300.jpg 225w\" sizes=\"(max-width: 450px) 100vw, 450px\" \/><figcaption class=\"wp-element-caption\">Bewegung, Holzskulptur, Buche, 1976, 105 x 102 x 80 cm<\/figcaption><\/figure>\n\n\n\n<p>Als zweites Werk \u00fcbergaben der Verein Werk Natale Sapone und die Familie des K\u00fcnstlers 2007 der Stadt Frauenfeld die mittelgrosse Skulptur \u00abPentagon-Konstellation\u00bb. Die Arbeit konnte im Garten der Credit Suisse, vis-\u00e0-vis vom Regierungsgeb\u00e4ude dauerhaft pr\u00e4sentiert werden. Mit dieser Aufstellung im \u00f6ffentlichen Raum erf\u00fcllte sich ein wichtiges Anliegen des K\u00fcnstlers: dass die Menschen auch nach seinem Tod freien Zugang zu seinen Werken auf den \u00f6ffentlichen Pl\u00e4tzen haben.<\/p>\n\n\n\n<figure class=\"wp-block-image size-full\"><img loading=\"lazy\" decoding=\"async\" width=\"600\" height=\"400\" src=\"https:\/\/natalesapone.ch\/wp-content\/uploads\/2024\/05\/natale-sapone-inaugurazione-022_400x600.jpg\" alt=\"Pentagon-Konstellation, Aluminium lackiert\" class=\"wp-image-425\" srcset=\"https:\/\/natalesapone.ch\/wp-content\/uploads\/2024\/05\/natale-sapone-inaugurazione-022_400x600.jpg 600w, https:\/\/natalesapone.ch\/wp-content\/uploads\/2024\/05\/natale-sapone-inaugurazione-022_400x600-300x200.jpg 300w\" sizes=\"(max-width: 600px) 100vw, 600px\" \/><figcaption class=\"wp-element-caption\">Pentagon-Konstellation, Aluminium lackiert<\/figcaption><\/figure>\n","protected":false},"excerpt":{"rendered":"<p>1987\/88 erstellte der Kanton Thurgau bei Uesslingen eine neue Br\u00fccke \u00fcber die Thur. Natale Sapone gewann den Wettbewerb f\u00fcr den k\u00fcnstlerischen Schmuck des Bauwerks mit dem Vorschlag f\u00fcr die Aufstellung von zwei Pentagon-Konstellationen bei den Br\u00fcckenk\u00f6pfen. Die Uesslinger Bev\u00f6lkerung wehrte sich dann allerdings gegen die definitive Aufstellung der Skulpturen, so dass der K\u00fcnstler die Werke &#8230; <a title=\"Natale Sapone: Spuren in Frauenfeld\" class=\"read-more\" href=\"https:\/\/natalesapone.ch\/index.php\/natale-sapone-spuren-in-frauenfeld\/\" aria-label=\"Mehr Informationen \u00fcber Natale Sapone: Spuren in Frauenfeld\">Weiterlesen<\/a><\/p>\n","protected":false},"author":2,"featured_media":0,"parent":0,"menu_order":0,"comment_status":"closed","ping_status":"closed","template":"","meta":{"ngg_post_thumbnail":0,"footnotes":""},"class_list":["post-422","page","type-page","status-publish"],"_links":{"self":[{"href":"https:\/\/natalesapone.ch\/index.php\/wp-json\/wp\/v2\/pages\/422"}],"collection":[{"href":"https:\/\/natalesapone.ch\/index.php\/wp-json\/wp\/v2\/pages"}],"about":[{"href":"https:\/\/natalesapone.ch\/index.php\/wp-json\/wp\/v2\/types\/page"}],"author":[{"embeddable":true,"href":"https:\/\/natalesapone.ch\/index.php\/wp-json\/wp\/v2\/users\/2"}],"replies":[{"embeddable":true,"href":"https:\/\/natalesapone.ch\/index.php\/wp-json\/wp\/v2\/comments?post=422"}],"version-history":[{"count":1,"href":"https:\/\/natalesapone.ch\/index.php\/wp-json\/wp\/v2\/pages\/422\/revisions"}],"predecessor-version":[{"id":426,"href":"https:\/\/natalesapone.ch\/index.php\/wp-json\/wp\/v2\/pages\/422\/revisions\/426"}],"wp:attachment":[{"href":"https:\/\/natalesapone.ch\/index.php\/wp-json\/wp\/v2\/media?parent=422"}],"curies":[{"name":"wp","href":"https:\/\/api.w.org\/{rel}","templated":true}]}}