{"id":419,"date":"2024-05-02T15:16:51","date_gmt":"2024-05-02T15:16:51","guid":{"rendered":"https:\/\/sapone.examedia.ch\/?page_id=419"},"modified":"2024-05-02T15:20:28","modified_gmt":"2024-05-02T15:20:28","slug":"natale-sapone-wo-man-ihn-heute-noch-findet","status":"publish","type":"page","link":"https:\/\/natalesapone.ch\/index.php\/die-zeitung-nannte-ihn-maestro\/natale-sapone-wo-man-ihn-heute-noch-findet\/","title":{"rendered":"Natale Sapone \u2013 wo man ihn heute noch findet &#8230;"},"content":{"rendered":"\n<p>\u00ab<q>Natale Sapone will und kann heute nicht mehr nach Italien zur\u00fcck. Das Klima, das Ambiente, die Sch\u00f6nheiten des Thurgaus sind f\u00fcr den Kalabresen Grund genug, hier zu bleiben.<\/q>\u00bb<br>Thurgauer Zeitung, 14. Sept 2000<br>\u00a0<\/p>\n\n\n\n<p>Natale Sapone lebte \u00fcber ein halbes Jahrhundert in seiner Wahlheimat Frauenfeld. Er hinterliess Spuren in der Stadt. Seine Skulpturen spalteten, einten, regten zur Diskussion an und geh\u00f6ren mittlerweile fest ins Stadtbild.<\/p>\n\n\n\n<figure class=\"wp-block-image size-full\"><img loading=\"lazy\" decoding=\"async\" width=\"412\" height=\"599\" src=\"https:\/\/natalesapone.ch\/wp-content\/uploads\/2024\/05\/sapone-nuccia-uesslingen_599x412.jpg\" alt=\"Historisches Foto: Natale Sapone mit seiner Schwester an der Br\u00fccke bei Uesslingen. Seine Skulptur durfte dort nicht stehen bleiben.\" class=\"wp-image-420\" srcset=\"https:\/\/natalesapone.ch\/wp-content\/uploads\/2024\/05\/sapone-nuccia-uesslingen_599x412.jpg 412w, https:\/\/natalesapone.ch\/wp-content\/uploads\/2024\/05\/sapone-nuccia-uesslingen_599x412-206x300.jpg 206w\" sizes=\"(max-width: 412px) 100vw, 412px\" \/><figcaption class=\"wp-element-caption\">Historisches Foto: Natale Sapone mit seiner Schwester an der Br\u00fccke bei Uesslingen. Seine Skulptur durfte dort nicht stehen bleiben.<\/figcaption><\/figure>\n","protected":false},"excerpt":{"rendered":"<p>\u00abNatale Sapone will und kann heute nicht mehr nach Italien zur\u00fcck. Das Klima, das Ambiente, die Sch\u00f6nheiten des Thurgaus sind f\u00fcr den Kalabresen Grund genug, hier zu bleiben.\u00bbThurgauer Zeitung, 14. Sept 2000\u00a0 Natale Sapone lebte \u00fcber ein halbes Jahrhundert in seiner Wahlheimat Frauenfeld. Er hinterliess Spuren in der Stadt. Seine Skulpturen spalteten, einten, regten zur &#8230; <a title=\"Natale Sapone \u2013 wo man ihn heute noch findet &#8230;\" class=\"read-more\" href=\"https:\/\/natalesapone.ch\/index.php\/die-zeitung-nannte-ihn-maestro\/natale-sapone-wo-man-ihn-heute-noch-findet\/\" aria-label=\"Mehr Informationen \u00fcber Natale Sapone \u2013 wo man ihn heute noch findet &#8230;\">Weiterlesen<\/a><\/p>\n","protected":false},"author":2,"featured_media":0,"parent":166,"menu_order":0,"comment_status":"closed","ping_status":"closed","template":"","meta":{"ngg_post_thumbnail":0,"footnotes":""},"class_list":["post-419","page","type-page","status-publish"],"_links":{"self":[{"href":"https:\/\/natalesapone.ch\/index.php\/wp-json\/wp\/v2\/pages\/419"}],"collection":[{"href":"https:\/\/natalesapone.ch\/index.php\/wp-json\/wp\/v2\/pages"}],"about":[{"href":"https:\/\/natalesapone.ch\/index.php\/wp-json\/wp\/v2\/types\/page"}],"author":[{"embeddable":true,"href":"https:\/\/natalesapone.ch\/index.php\/wp-json\/wp\/v2\/users\/2"}],"replies":[{"embeddable":true,"href":"https:\/\/natalesapone.ch\/index.php\/wp-json\/wp\/v2\/comments?post=419"}],"version-history":[{"count":1,"href":"https:\/\/natalesapone.ch\/index.php\/wp-json\/wp\/v2\/pages\/419\/revisions"}],"predecessor-version":[{"id":421,"href":"https:\/\/natalesapone.ch\/index.php\/wp-json\/wp\/v2\/pages\/419\/revisions\/421"}],"up":[{"embeddable":true,"href":"https:\/\/natalesapone.ch\/index.php\/wp-json\/wp\/v2\/pages\/166"}],"wp:attachment":[{"href":"https:\/\/natalesapone.ch\/index.php\/wp-json\/wp\/v2\/media?parent=419"}],"curies":[{"name":"wp","href":"https:\/\/api.w.org\/{rel}","templated":true}]}}