{"id":406,"date":"2024-05-02T15:07:17","date_gmt":"2024-05-02T15:07:17","guid":{"rendered":"https:\/\/sapone.examedia.ch\/?page_id=406"},"modified":"2024-05-02T15:17:46","modified_gmt":"2024-05-02T15:17:46","slug":"das-atelier-des-kuenstlers","status":"publish","type":"page","link":"https:\/\/natalesapone.ch\/index.php\/die-zeitung-nannte-ihn-maestro\/ueber-den-menschen-natale-sapone\/das-atelier-des-kuenstlers\/","title":{"rendered":"Das Atelier des K\u00fcnstlers"},"content":{"rendered":"\n<p>\u00ab<q>Farbe ist Ausdruck, Seele und Gef\u00fchl.<\/q>\u00bb<\/p>\n\n\n\n<p>Natale Sapone arbeitete im alten Waschhaus des Kantonspitals Frauenfeld, das er gleichermassen als Wohnung und Atelier nutzte. Immer lief Musik. Sie bestimmte seinen sch\u00f6pferischen Prozess und trug ihn seinen Kompositionen am Reissbrett zu. Klassische Musik, Opern, Klavier, optisch begleitet von Werkb\u00e4nken, an W\u00e4nden gelehnten, auf Tischen gestapelten Entw\u00fcrfen, Bildern. Materialien, nicht nur Papier: Holz, Lehm, Metall, Handwerkszeug, Malutensilien, h\u00e4ngende Skulptur-Prototypen.<\/p>\n\n\n\n<p><strong>Ein Atelier wie sein K\u00fcnstler: undurchdringlich, sch\u00f6pferisch, inspirierend.<\/strong><\/p>\n\n\n\n<figure class=\"wp-block-image size-full\"><img loading=\"lazy\" decoding=\"async\" width=\"600\" height=\"450\" src=\"https:\/\/natalesapone.ch\/wp-content\/uploads\/2024\/05\/atelieransicht-1_450x600.jpg\" alt=\"Ansicht von Sapones Atelier im heutigen Haus Sapone in Frauenfeld.\" class=\"wp-image-407\" srcset=\"https:\/\/natalesapone.ch\/wp-content\/uploads\/2024\/05\/atelieransicht-1_450x600.jpg 600w, https:\/\/natalesapone.ch\/wp-content\/uploads\/2024\/05\/atelieransicht-1_450x600-300x225.jpg 300w\" sizes=\"(max-width: 600px) 100vw, 600px\" \/><figcaption class=\"wp-element-caption\">Ansicht von Sapones Atelier im heutigen Haus Sapone in Frauenfeld.<\/figcaption><\/figure>\n\n\n\n<figure class=\"wp-block-image size-full\"><img loading=\"lazy\" decoding=\"async\" width=\"600\" height=\"450\" src=\"https:\/\/natalesapone.ch\/wp-content\/uploads\/2024\/05\/atelieransicht-2_450x600.jpg\" alt=\"Verschiedene Werke Sapones in seinem Atelier.\" class=\"wp-image-408\" srcset=\"https:\/\/natalesapone.ch\/wp-content\/uploads\/2024\/05\/atelieransicht-2_450x600.jpg 600w, https:\/\/natalesapone.ch\/wp-content\/uploads\/2024\/05\/atelieransicht-2_450x600-300x225.jpg 300w\" sizes=\"(max-width: 600px) 100vw, 600px\" \/><figcaption class=\"wp-element-caption\">Verschiedene Werke Sapones in seinem Atelier.<\/figcaption><\/figure>\n","protected":false},"excerpt":{"rendered":"<p>\u00abFarbe ist Ausdruck, Seele und Gef\u00fchl.\u00bb Natale Sapone arbeitete im alten Waschhaus des Kantonspitals Frauenfeld, das er gleichermassen als Wohnung und Atelier nutzte. Immer lief Musik. Sie bestimmte seinen sch\u00f6pferischen Prozess und trug ihn seinen Kompositionen am Reissbrett zu. Klassische Musik, Opern, Klavier, optisch begleitet von Werkb\u00e4nken, an W\u00e4nden gelehnten, auf Tischen gestapelten Entw\u00fcrfen, Bildern. &#8230; <a title=\"Das Atelier des K\u00fcnstlers\" class=\"read-more\" href=\"https:\/\/natalesapone.ch\/index.php\/die-zeitung-nannte-ihn-maestro\/ueber-den-menschen-natale-sapone\/das-atelier-des-kuenstlers\/\" aria-label=\"Mehr Informationen \u00fcber Das Atelier des K\u00fcnstlers\">Weiterlesen<\/a><\/p>\n","protected":false},"author":2,"featured_media":0,"parent":389,"menu_order":0,"comment_status":"closed","ping_status":"closed","template":"","meta":{"ngg_post_thumbnail":0,"footnotes":""},"class_list":["post-406","page","type-page","status-publish"],"_links":{"self":[{"href":"https:\/\/natalesapone.ch\/index.php\/wp-json\/wp\/v2\/pages\/406"}],"collection":[{"href":"https:\/\/natalesapone.ch\/index.php\/wp-json\/wp\/v2\/pages"}],"about":[{"href":"https:\/\/natalesapone.ch\/index.php\/wp-json\/wp\/v2\/types\/page"}],"author":[{"embeddable":true,"href":"https:\/\/natalesapone.ch\/index.php\/wp-json\/wp\/v2\/users\/2"}],"replies":[{"embeddable":true,"href":"https:\/\/natalesapone.ch\/index.php\/wp-json\/wp\/v2\/comments?post=406"}],"version-history":[{"count":1,"href":"https:\/\/natalesapone.ch\/index.php\/wp-json\/wp\/v2\/pages\/406\/revisions"}],"predecessor-version":[{"id":409,"href":"https:\/\/natalesapone.ch\/index.php\/wp-json\/wp\/v2\/pages\/406\/revisions\/409"}],"up":[{"embeddable":true,"href":"https:\/\/natalesapone.ch\/index.php\/wp-json\/wp\/v2\/pages\/389"}],"wp:attachment":[{"href":"https:\/\/natalesapone.ch\/index.php\/wp-json\/wp\/v2\/media?parent=406"}],"curies":[{"name":"wp","href":"https:\/\/api.w.org\/{rel}","templated":true}]}}