{"id":401,"date":"2024-05-02T15:03:20","date_gmt":"2024-05-02T15:03:20","guid":{"rendered":"https:\/\/sapone.examedia.ch\/?page_id=401"},"modified":"2024-05-02T15:18:49","modified_gmt":"2024-05-02T15:18:49","slug":"von-reggio-calabria-nach-mailand","status":"publish","type":"page","link":"https:\/\/natalesapone.ch\/index.php\/die-zeitung-nannte-ihn-maestro\/ueber-den-menschen-natale-sapone\/von-reggio-calabria-nach-mailand\/","title":{"rendered":"Von Reggio Calabria nach Mailand"},"content":{"rendered":"\n<p>\u00ab<q>Ich bin ein Mensch der kleinen Stadt, aber der grossen Tr\u00e4ume.<\/q>\u00bb<br>Natale Sapone in: Thurgauer Zeitung, 14. Sept 2000<\/p>\n\n\n\n<p>Natale Sapone hat zwei Geburtstage. Den richtigen, am 17. Dezember 1920, und den 1. Januar 1921, den seine Eltern versp\u00e4tet den offiziellen Stellen meldeten. Sapones Eltern wollten, dass ihr Sohn ein Jahr sp\u00e4ter als \u00fcblich ins Milit\u00e4r eingezogen wird &#8211; eine durchaus g\u00e4ngige Praxis zu der Zeit. Natale Sapone war der J\u00fcngste einer kinderreichen Familie. Sein k\u00fcnstlerisches Talent wurde schon fr\u00fch in der Grundschule entdeckt. An der Kunstgewerbeschule in Reggio Calabria lernte er Malerei, Bildhauerei und Dekoration von der Pike auf. Ein Umzug nach Milano gab ihm die M\u00f6glichkeit an der Academia di Belle Arti di Brera in Milano zu studieren.<\/p>\n\n\n\n<p><strong>Der Zweite Weltkrieg unterbrach Sapones Ausbildung.<\/strong><\/p>\n\n\n\n<p>Er leistete f\u00fcnf Jahre Milit\u00e4rdienst, erst danach vervollst\u00e4ndigte er seine Ausbildung. Bis zu seiner Ankunft in der Schweiz schlug sich Sapone als Zeichenlehrer an der Staatlichen Mittelschule und als Designer in einem Mail\u00e4nder Architektur-B\u00fcro durch.<\/p>\n\n\n\n<figure class=\"wp-block-image size-full\"><img loading=\"lazy\" decoding=\"async\" width=\"386\" height=\"600\" src=\"https:\/\/natalesapone.ch\/wp-content\/uploads\/2024\/05\/rc-1930-ca_600x386.jpg\" alt=\"Der J\u00fcngste von allen: Natale Sapone in ein Buch vertieft (links von ihm kniet ein Lehrer).\" class=\"wp-image-402\" srcset=\"https:\/\/natalesapone.ch\/wp-content\/uploads\/2024\/05\/rc-1930-ca_600x386.jpg 386w, https:\/\/natalesapone.ch\/wp-content\/uploads\/2024\/05\/rc-1930-ca_600x386-193x300.jpg 193w\" sizes=\"(max-width: 386px) 100vw, 386px\" \/><figcaption class=\"wp-element-caption\">Der J\u00fcngste von allen: Natale Sapone in ein Buch vertieft (links von ihm kniet ein Lehrer).<\/figcaption><\/figure>\n\n\n\n<h1 class=\"wp-block-heading\">Von Einsiedeln nach Frauenfeld<\/h1>\n\n\n\n<p>\u00ab<q>Als er Schweizer wurde, zeigte er v\u00f6llig unkontrollierte Gef\u00fchle. Es war das einzige Mal, dass ich ihn weinen sah.<\/q>\u00bb* Natale Arcuri, Neffe von Natale Sapone<\/p>\n\n\n\n<p>1947 nahm Natale Sapone eine Anstellung als Designer in einem Kunstkeramik-Atelier in Einsiedeln an. Sp\u00e4ter sagt er \u00fcber die beiden Jahre, dass sie ihm ein dunkles Loch waren. Ihm machten die Berge zu schaffen, der viele Schnee und das wenige Licht. 1949 zog er nach Frauenfeld weiter, in dem er sich von Jahr zu Jahr immer wohler f\u00fchlte. <q>In dieser Landschaft mit diesen kleinen H\u00fcgeln &#8211; da ist der Mensch jemand. Frauenfeld, ja das ganze Thurgau hat ein wunderbares Licht.<\/q>*<\/p>\n\n\n\n<figure class=\"wp-block-image size-full\"><img loading=\"lazy\" decoding=\"async\" width=\"600\" height=\"451\" src=\"https:\/\/natalesapone.ch\/wp-content\/uploads\/2024\/05\/frauenfeld_451x600.jpg\" alt=\"Landschaftsbild von Frauenfeld\" class=\"wp-image-403\" srcset=\"https:\/\/natalesapone.ch\/wp-content\/uploads\/2024\/05\/frauenfeld_451x600.jpg 600w, https:\/\/natalesapone.ch\/wp-content\/uploads\/2024\/05\/frauenfeld_451x600-300x226.jpg 300w\" sizes=\"(max-width: 600px) 100vw, 600px\" \/><figcaption class=\"wp-element-caption\">Landschaftsbild von Frauenfeld<\/figcaption><\/figure>\n\n\n\n<p><strong>Unterst\u00fctzer schickten ihn an die Acad\u00e9mie Andr\u00e9 Lhote nach Paris.<\/strong><\/p>\n\n\n\n<p>1951 liess sich Sapone endg\u00fcltig in Frauenfeld nieder und erwarb 1986 die Schweizer Staatsb\u00fcrgerschaft. Sapones Hauptwerk ist eng mit seinem Leben im Thurgau verkn\u00fcpft. Zu sehr, als dass er versucht h\u00e4tte, sein Gl\u00fcck auf internationaler Ebene in Paris oder New York zu versuchen. Nebst seiner T\u00e4tigkeit als Maler und Bildhauer designte er Schmuck f\u00fcr das Schweizer Juwelierhaus Bucherer und Keramik, Porzellan und Glas f\u00fcr die Porzellanmanufaktur Rosenthal. Diese Auftr\u00e4ge sicherten ihm das Einkommen \u2013 vom Verkauf seiner Bilder allein h\u00e4tte Natale Sapone nicht leben k\u00f6nnen.<\/p>\n","protected":false},"excerpt":{"rendered":"<p>\u00abIch bin ein Mensch der kleinen Stadt, aber der grossen Tr\u00e4ume.\u00bbNatale Sapone in: Thurgauer Zeitung, 14. Sept 2000 Natale Sapone hat zwei Geburtstage. Den richtigen, am 17. Dezember 1920, und den 1. Januar 1921, den seine Eltern versp\u00e4tet den offiziellen Stellen meldeten. Sapones Eltern wollten, dass ihr Sohn ein Jahr sp\u00e4ter als \u00fcblich ins Milit\u00e4r &#8230; <a title=\"Von Reggio Calabria nach Mailand\" class=\"read-more\" href=\"https:\/\/natalesapone.ch\/index.php\/die-zeitung-nannte-ihn-maestro\/ueber-den-menschen-natale-sapone\/von-reggio-calabria-nach-mailand\/\" aria-label=\"Mehr Informationen \u00fcber Von Reggio Calabria nach Mailand\">Weiterlesen<\/a><\/p>\n","protected":false},"author":2,"featured_media":0,"parent":389,"menu_order":0,"comment_status":"closed","ping_status":"closed","template":"","meta":{"ngg_post_thumbnail":0,"footnotes":""},"class_list":["post-401","page","type-page","status-publish"],"_links":{"self":[{"href":"https:\/\/natalesapone.ch\/index.php\/wp-json\/wp\/v2\/pages\/401"}],"collection":[{"href":"https:\/\/natalesapone.ch\/index.php\/wp-json\/wp\/v2\/pages"}],"about":[{"href":"https:\/\/natalesapone.ch\/index.php\/wp-json\/wp\/v2\/types\/page"}],"author":[{"embeddable":true,"href":"https:\/\/natalesapone.ch\/index.php\/wp-json\/wp\/v2\/users\/2"}],"replies":[{"embeddable":true,"href":"https:\/\/natalesapone.ch\/index.php\/wp-json\/wp\/v2\/comments?post=401"}],"version-history":[{"count":2,"href":"https:\/\/natalesapone.ch\/index.php\/wp-json\/wp\/v2\/pages\/401\/revisions"}],"predecessor-version":[{"id":405,"href":"https:\/\/natalesapone.ch\/index.php\/wp-json\/wp\/v2\/pages\/401\/revisions\/405"}],"up":[{"embeddable":true,"href":"https:\/\/natalesapone.ch\/index.php\/wp-json\/wp\/v2\/pages\/389"}],"wp:attachment":[{"href":"https:\/\/natalesapone.ch\/index.php\/wp-json\/wp\/v2\/media?parent=401"}],"curies":[{"name":"wp","href":"https:\/\/api.w.org\/{rel}","templated":true}]}}