{"id":393,"date":"2024-05-02T14:55:38","date_gmt":"2024-05-02T14:55:38","guid":{"rendered":"https:\/\/sapone.examedia.ch\/?page_id=393"},"modified":"2024-05-02T14:55:38","modified_gmt":"2024-05-02T14:55:38","slug":"biographie","status":"publish","type":"page","link":"https:\/\/natalesapone.ch\/index.php\/die-zeitung-nannte-ihn-maestro\/ueber-den-menschen-natale-sapone\/biographie\/","title":{"rendered":"Biographie"},"content":{"rendered":"\n<figure class=\"wp-block-table\"><table><tbody><tr><td>*17.12.1920<\/td><td>Reggio Calabria, Italien<\/td><\/tr><tr><td>1931 &#8211; 1939<\/td><td>Studium am Istituto d\u2019Arte \u00abMattia Preti\u00bb, Reggio Calabria<\/td><\/tr><tr><td>1939<\/td><td>Umzug nach Mailand<\/td><\/tr><tr><td>1940<\/td><td>Maturit\u00e0 Artistica, Mailand; Studium an der Accademia di Belle Arti di Brera bei Prof. Giuseppe Palanti, Mailand<\/td><\/tr><tr><td>1940 &#8211; 1945<\/td><td>Milit\u00e4rdienst<\/td><\/tr><tr><td>1945 &#8211; 1946<\/td><td>Zeichenlehrer an der Staatlichen Mittelschule, Reggio Calabria<\/td><\/tr><tr><td>1946 &#8211; 1947<\/td><td>Studium an der Accademia di Belle Arti di Brera, Mailand bei Prof. Atanasio Soldati,&nbsp;Diplomabschluss in Design und Dekoration. Mitarbeit bei den Architekten Peressuti,&nbsp;Rogers und Belgioioso, Mailand<\/td><\/tr><tr><td>1947<\/td><td>\u00dcbersiedlung in die Schweiz<\/td><\/tr><tr><td>1947 &#8211; 1949<\/td><td>Designer in einem Kunstkeramik-Atelier, Einsiedeln<\/td><\/tr><tr><td>1949<\/td><td>Anstellung in Frauenfeld als Designer, sp\u00e4ter frei schaffender K\u00fcnstler<\/td><\/tr><tr><td>1950 &#8211; 1951<\/td><td>Studium an der Acad\u00e9mie de Andr\u00e9 Lhote, Paris<\/td><\/tr><tr><td>1951<\/td><td>Wohnsitznahme in Frauenfeld<\/td><\/tr><tr><td>1970<\/td><td>Kunst-Objekte f\u00fcr Rosenthal (D)<\/td><\/tr><tr><td>1974<\/td><td>Schmuck-Objekte f\u00fcr Bucherer, Z\u00fcrich<\/td><\/tr><tr><td>1980<\/td><td>Gewinner des Wettbewerbes \u201eKunst am Bau\u201c der Universit\u00e4t Z\u00fcrich-Irchel&nbsp;und Realisierung der Skulptur im Aussenbereich, Z\u00fcrich<\/td><\/tr><tr><td>1986<\/td><td>Erwerb der Schweizer Staatsb\u00fcrgerschaft<\/td><\/tr><tr><td>\u2020 06.01.2002<\/td><td>Frauenfeld<\/td><\/tr><\/tbody><\/table><\/figure>\n\n\n\n<p><q>Quelle: Milena Oehy<\/q><\/p>\n","protected":false},"excerpt":{"rendered":"<p>*17.12.1920 Reggio Calabria, Italien 1931 &#8211; 1939 Studium am Istituto d\u2019Arte \u00abMattia Preti\u00bb, Reggio Calabria 1939 Umzug nach Mailand 1940 Maturit\u00e0 Artistica, Mailand; Studium an der Accademia di Belle Arti di Brera bei Prof. Giuseppe Palanti, Mailand 1940 &#8211; 1945 Milit\u00e4rdienst 1945 &#8211; 1946 Zeichenlehrer an der Staatlichen Mittelschule, Reggio Calabria 1946 &#8211; 1947 Studium &#8230; <a title=\"Biographie\" class=\"read-more\" href=\"https:\/\/natalesapone.ch\/index.php\/die-zeitung-nannte-ihn-maestro\/ueber-den-menschen-natale-sapone\/biographie\/\" aria-label=\"Mehr Informationen \u00fcber Biographie\">Weiterlesen<\/a><\/p>\n","protected":false},"author":2,"featured_media":0,"parent":389,"menu_order":0,"comment_status":"closed","ping_status":"closed","template":"","meta":{"ngg_post_thumbnail":0,"footnotes":""},"class_list":["post-393","page","type-page","status-publish"],"_links":{"self":[{"href":"https:\/\/natalesapone.ch\/index.php\/wp-json\/wp\/v2\/pages\/393"}],"collection":[{"href":"https:\/\/natalesapone.ch\/index.php\/wp-json\/wp\/v2\/pages"}],"about":[{"href":"https:\/\/natalesapone.ch\/index.php\/wp-json\/wp\/v2\/types\/page"}],"author":[{"embeddable":true,"href":"https:\/\/natalesapone.ch\/index.php\/wp-json\/wp\/v2\/users\/2"}],"replies":[{"embeddable":true,"href":"https:\/\/natalesapone.ch\/index.php\/wp-json\/wp\/v2\/comments?post=393"}],"version-history":[{"count":1,"href":"https:\/\/natalesapone.ch\/index.php\/wp-json\/wp\/v2\/pages\/393\/revisions"}],"predecessor-version":[{"id":394,"href":"https:\/\/natalesapone.ch\/index.php\/wp-json\/wp\/v2\/pages\/393\/revisions\/394"}],"up":[{"embeddable":true,"href":"https:\/\/natalesapone.ch\/index.php\/wp-json\/wp\/v2\/pages\/389"}],"wp:attachment":[{"href":"https:\/\/natalesapone.ch\/index.php\/wp-json\/wp\/v2\/media?parent=393"}],"curies":[{"name":"wp","href":"https:\/\/api.w.org\/{rel}","templated":true}]}}