{"id":381,"date":"2024-05-02T14:46:34","date_gmt":"2024-05-02T14:46:34","guid":{"rendered":"https:\/\/sapone.examedia.ch\/?page_id=381"},"modified":"2024-05-02T14:50:55","modified_gmt":"2024-05-02T14:50:55","slug":"jeder-kuenstler-braucht-foerderer","status":"publish","type":"page","link":"https:\/\/natalesapone.ch\/index.php\/die-zeitung-nannte-ihn-maestro\/ueber-den-kuenstler-natale-sapone\/jeder-kuenstler-braucht-foerderer\/","title":{"rendered":"Jeder K\u00fcnstler braucht F\u00f6rderer"},"content":{"rendered":"\n<p>Die geb\u00fcrtige Italienerin Carla Zwicky wurde in den 50er und 60er Jahren zur M\u00e4zenin des jungen K\u00fcnstlers Sapone. Sie unterst\u00fctzte ihn materiell und \u00f6ffnete ihm nicht nur die T\u00fcren zur Frauenfelder Gesellschaft, sondern brachte ihn auch mit vielen zeitgen\u00f6ssischen K\u00fcnstlern zusammen.<\/p>\n\n\n\n<figure class=\"wp-block-image size-full\"><img loading=\"lazy\" decoding=\"async\" width=\"600\" height=\"561\" src=\"https:\/\/natalesapone.ch\/wp-content\/uploads\/2024\/05\/carla-zwicky-sapone_561x600.jpg\" alt=\"\n\nDie geb\u00fcrtige Italienerin Carla Zwicky wurde in den 50er und 60er Jahren zur M\u00e4zenin des jungen K\u00fcnstlers Sapone. Sie unterst\u00fctzte ihn materiell und \u00f6ffnete ihm nicht nur die T\u00fcren zur Frauenfelder Gesellschaft, sondern brachte ihn auch mit vielen zeitgen\u00f6ssischen K\u00fcnstlern zusammen.\n\" class=\"wp-image-383\" srcset=\"https:\/\/natalesapone.ch\/wp-content\/uploads\/2024\/05\/carla-zwicky-sapone_561x600.jpg 600w, https:\/\/natalesapone.ch\/wp-content\/uploads\/2024\/05\/carla-zwicky-sapone_561x600-300x281.jpg 300w\" sizes=\"(max-width: 600px) 100vw, 600px\" \/><\/figure>\n","protected":false},"excerpt":{"rendered":"<p>Die geb\u00fcrtige Italienerin Carla Zwicky wurde in den 50er und 60er Jahren zur M\u00e4zenin des jungen K\u00fcnstlers Sapone. Sie unterst\u00fctzte ihn materiell und \u00f6ffnete ihm nicht nur die T\u00fcren zur Frauenfelder Gesellschaft, sondern brachte ihn auch mit vielen zeitgen\u00f6ssischen K\u00fcnstlern zusammen.<\/p>\n","protected":false},"author":2,"featured_media":0,"parent":168,"menu_order":0,"comment_status":"closed","ping_status":"closed","template":"","meta":{"ngg_post_thumbnail":0,"footnotes":""},"class_list":["post-381","page","type-page","status-publish"],"_links":{"self":[{"href":"https:\/\/natalesapone.ch\/index.php\/wp-json\/wp\/v2\/pages\/381"}],"collection":[{"href":"https:\/\/natalesapone.ch\/index.php\/wp-json\/wp\/v2\/pages"}],"about":[{"href":"https:\/\/natalesapone.ch\/index.php\/wp-json\/wp\/v2\/types\/page"}],"author":[{"embeddable":true,"href":"https:\/\/natalesapone.ch\/index.php\/wp-json\/wp\/v2\/users\/2"}],"replies":[{"embeddable":true,"href":"https:\/\/natalesapone.ch\/index.php\/wp-json\/wp\/v2\/comments?post=381"}],"version-history":[{"count":1,"href":"https:\/\/natalesapone.ch\/index.php\/wp-json\/wp\/v2\/pages\/381\/revisions"}],"predecessor-version":[{"id":384,"href":"https:\/\/natalesapone.ch\/index.php\/wp-json\/wp\/v2\/pages\/381\/revisions\/384"}],"up":[{"embeddable":true,"href":"https:\/\/natalesapone.ch\/index.php\/wp-json\/wp\/v2\/pages\/168"}],"wp:attachment":[{"href":"https:\/\/natalesapone.ch\/index.php\/wp-json\/wp\/v2\/media?parent=381"}],"curies":[{"name":"wp","href":"https:\/\/api.w.org\/{rel}","templated":true}]}}