{"id":273,"date":"2024-05-02T13:33:15","date_gmt":"2024-05-02T13:33:15","guid":{"rendered":"https:\/\/sapone.examedia.ch\/?page_id=273"},"modified":"2024-05-02T14:27:45","modified_gmt":"2024-05-02T14:27:45","slug":"skulpturen","status":"publish","type":"page","link":"https:\/\/natalesapone.ch\/index.php\/werkschau\/skulpturen\/","title":{"rendered":"Skulpturen"},"content":{"rendered":"\n<p>Natale Sapone nutzt das Bewegungsmotiv und die Pentagon Konstellationen auch als Konstruktionsprinzipien f\u00fcr dreidimensionale Arbeiten. 1980 gewinnt er den Wettbewerb f\u00fcr Kunst am Bau einer Skulptur f\u00fcr die Universit\u00e4t Irchel mit dem Entwurf einer monumentalen Keramikskulptur mit einem Bewegungsmotiv. W\u00e4hrend die plastischen Ausdruckm\u00f6glichkeiten hier beschr\u00e4nkt bleiben, bietet das Konzept der Pentagon Konstellation dem K\u00fcnstler die M\u00f6glichkeit eines vielf\u00e4ltigen, r\u00e4umlichen Ausdrucks, der von der kleinen Skulptur f\u00fcr den Innenraum bis zum raumgreifenden Zeichen in der Stadt reichen kann.<\/p>\n\n\n\nngg_shortcode_0_placeholder\n","protected":false},"excerpt":{"rendered":"<p>Natale Sapone nutzt das Bewegungsmotiv und die Pentagon Konstellationen auch als Konstruktionsprinzipien f\u00fcr dreidimensionale Arbeiten. 1980 gewinnt er den Wettbewerb f\u00fcr Kunst am Bau einer Skulptur f\u00fcr die Universit\u00e4t Irchel mit dem Entwurf einer monumentalen Keramikskulptur mit einem Bewegungsmotiv. W\u00e4hrend die plastischen Ausdruckm\u00f6glichkeiten hier beschr\u00e4nkt bleiben, bietet das Konzept der Pentagon Konstellation dem K\u00fcnstler die &#8230; <a title=\"Skulpturen\" class=\"read-more\" href=\"https:\/\/natalesapone.ch\/index.php\/werkschau\/skulpturen\/\" aria-label=\"Mehr Informationen \u00fcber Skulpturen\">Weiterlesen<\/a><\/p>\n","protected":false},"author":2,"featured_media":0,"parent":52,"menu_order":0,"comment_status":"closed","ping_status":"closed","template":"","meta":{"ngg_post_thumbnail":0,"footnotes":""},"class_list":["post-273","page","type-page","status-publish"],"_links":{"self":[{"href":"https:\/\/natalesapone.ch\/index.php\/wp-json\/wp\/v2\/pages\/273"}],"collection":[{"href":"https:\/\/natalesapone.ch\/index.php\/wp-json\/wp\/v2\/pages"}],"about":[{"href":"https:\/\/natalesapone.ch\/index.php\/wp-json\/wp\/v2\/types\/page"}],"author":[{"embeddable":true,"href":"https:\/\/natalesapone.ch\/index.php\/wp-json\/wp\/v2\/users\/2"}],"replies":[{"embeddable":true,"href":"https:\/\/natalesapone.ch\/index.php\/wp-json\/wp\/v2\/comments?post=273"}],"version-history":[{"count":2,"href":"https:\/\/natalesapone.ch\/index.php\/wp-json\/wp\/v2\/pages\/273\/revisions"}],"predecessor-version":[{"id":364,"href":"https:\/\/natalesapone.ch\/index.php\/wp-json\/wp\/v2\/pages\/273\/revisions\/364"}],"up":[{"embeddable":true,"href":"https:\/\/natalesapone.ch\/index.php\/wp-json\/wp\/v2\/pages\/52"}],"wp:attachment":[{"href":"https:\/\/natalesapone.ch\/index.php\/wp-json\/wp\/v2\/media?parent=273"}],"curies":[{"name":"wp","href":"https:\/\/api.w.org\/{rel}","templated":true}]}}