{"id":270,"date":"2024-05-02T13:32:22","date_gmt":"2024-05-02T13:32:22","guid":{"rendered":"https:\/\/sapone.examedia.ch\/?page_id=270"},"modified":"2024-05-02T14:21:39","modified_gmt":"2024-05-02T14:21:39","slug":"pentagonkonstellationen","status":"publish","type":"page","link":"https:\/\/natalesapone.ch\/index.php\/werkschau\/pentagonkonstellationen\/","title":{"rendered":"Pentagonkonstellationen"},"content":{"rendered":"\n<p>Ab 1979 nutzte Natale Sapone f\u00fcr seine Arbeit ein zus\u00e4tzliches, neues Konstruktionsprinzip: die Pentagon Konstellation. Als Basis dieser Konstruktionsanlage dient ein in ein Kreis eingeschriebenes F\u00fcnfeck. Aus dieser einfachen, geometrisch konstruierten Grundform lassen sich unz\u00e4hlige Variationen von Linien- und Fl\u00e4chenanordnungen entwickeln, die von \u00fcberschaubarer Klarheit bis zu h\u00f6chster Komplexit\u00e4t reichen. Eine besondere Qualit\u00e4t der Pentagon Konstellation besteht darin, dass sich immer wieder Verh\u00e4ltnisse im goldenen Schnitt ergeben, wodurch die Bilder eine Zentriertheit und Harmonie aufweisen. In den ersten Jahren benutzt Natale Sapone h\u00e4ufig die Prim\u00e4rfarben wie Gelb, Rot, Blau oder Schwarz und Weiss. Ab 1990 setzt er auch Lila, Beige oder gebrochene Gelb- und Oranget\u00f6ne ein. Dabei werden Farben intuitiv zugeordnet, nicht nach einem System.<\/p>\n\n\n\nngg_shortcode_0_placeholder\n","protected":false},"excerpt":{"rendered":"<p>Ab 1979 nutzte Natale Sapone f\u00fcr seine Arbeit ein zus\u00e4tzliches, neues Konstruktionsprinzip: die Pentagon Konstellation. Als Basis dieser Konstruktionsanlage dient ein in ein Kreis eingeschriebenes F\u00fcnfeck. Aus dieser einfachen, geometrisch konstruierten Grundform lassen sich unz\u00e4hlige Variationen von Linien- und Fl\u00e4chenanordnungen entwickeln, die von \u00fcberschaubarer Klarheit bis zu h\u00f6chster Komplexit\u00e4t reichen. Eine besondere Qualit\u00e4t der Pentagon &#8230; <a title=\"Pentagonkonstellationen\" class=\"read-more\" href=\"https:\/\/natalesapone.ch\/index.php\/werkschau\/pentagonkonstellationen\/\" aria-label=\"Mehr Informationen \u00fcber Pentagonkonstellationen\">Weiterlesen<\/a><\/p>\n","protected":false},"author":2,"featured_media":0,"parent":52,"menu_order":0,"comment_status":"closed","ping_status":"closed","template":"","meta":{"ngg_post_thumbnail":0,"footnotes":""},"class_list":["post-270","page","type-page","status-publish"],"_links":{"self":[{"href":"https:\/\/natalesapone.ch\/index.php\/wp-json\/wp\/v2\/pages\/270"}],"collection":[{"href":"https:\/\/natalesapone.ch\/index.php\/wp-json\/wp\/v2\/pages"}],"about":[{"href":"https:\/\/natalesapone.ch\/index.php\/wp-json\/wp\/v2\/types\/page"}],"author":[{"embeddable":true,"href":"https:\/\/natalesapone.ch\/index.php\/wp-json\/wp\/v2\/users\/2"}],"replies":[{"embeddable":true,"href":"https:\/\/natalesapone.ch\/index.php\/wp-json\/wp\/v2\/comments?post=270"}],"version-history":[{"count":2,"href":"https:\/\/natalesapone.ch\/index.php\/wp-json\/wp\/v2\/pages\/270\/revisions"}],"predecessor-version":[{"id":346,"href":"https:\/\/natalesapone.ch\/index.php\/wp-json\/wp\/v2\/pages\/270\/revisions\/346"}],"up":[{"embeddable":true,"href":"https:\/\/natalesapone.ch\/index.php\/wp-json\/wp\/v2\/pages\/52"}],"wp:attachment":[{"href":"https:\/\/natalesapone.ch\/index.php\/wp-json\/wp\/v2\/media?parent=270"}],"curies":[{"name":"wp","href":"https:\/\/api.w.org\/{rel}","templated":true}]}}