{"id":182,"date":"2024-04-15T13:08:48","date_gmt":"2024-04-15T13:08:48","guid":{"rendered":"https:\/\/sapone.examedia.ch\/?page_id=182"},"modified":"2024-08-01T11:30:58","modified_gmt":"2024-08-01T11:30:58","slug":"ueberuns","status":"publish","type":"page","link":"https:\/\/natalesapone.ch\/index.php\/der-verein-werk-natale-sapone\/ueberuns\/","title":{"rendered":"\u00dcber uns"},"content":{"rendered":"\n<figure class=\"wp-block-table\"><table><tbody><tr><td>Pr\u00e4sidentin:<\/td><td>Simone B\u00fcchi-Kopieczek, Br\u00fctten<\/td><\/tr><tr><td>Vizepr\u00e4sident:<\/td><td>Markus Landert, Frauenfeld<\/td><\/tr><tr><td>Kassier:<\/td><td>Markus Kutter, Lommis<\/td><\/tr><tr><td>Aktuarin:<\/td><td>Dorothea Hugentobler, Frauenfeld<\/td><\/tr><tr><td>Beisitzerin:<\/td><td>Maggia Kopieczek-Boesch, Dussnang<\/td><\/tr><tr><td>&nbsp;<\/td><td>&nbsp;<\/td><\/tr><tr><td>Vertretung Familie Sapone:<\/td><td>Frau Giuseppina Vago, Milano<\/td><\/tr><\/tbody><\/table><\/figure>\n\n\n\n<h1 class=\"wp-block-heading\">Mitglied werden<\/h1>\n\n\n\n<p>Der Verein setzt sich aus Aktiv- und G\u00f6nnermitgliedern zusammen. Aktiv- oder G\u00f6nnermitglieder k\u00f6nnen alle werden: alle Personen und Institutionen, die ein Interesse am Werk von Natale Sapone haben. Der Mitgliederbeitrag betr\u00e4gt j\u00e4hrlich CHF 30.<\/p>\n\n\n\n<p><em>Adresse<\/em>:<br>Verein Werk Natale Sapone<br>Markus Landert<br>Lachenstrasse 25a<br>8500 Frauenfeld<\/p>\n","protected":false},"excerpt":{"rendered":"<p>Pr\u00e4sidentin: Simone B\u00fcchi-Kopieczek, Br\u00fctten Vizepr\u00e4sident: Markus Landert, Frauenfeld Kassier: Markus Kutter, Lommis Aktuarin: Dorothea Hugentobler, Frauenfeld Beisitzerin: Maggia Kopieczek-Boesch, Dussnang &nbsp; &nbsp; Vertretung Familie Sapone: Frau Giuseppina Vago, Milano Mitglied werden Der Verein setzt sich aus Aktiv- und G\u00f6nnermitgliedern zusammen. Aktiv- oder G\u00f6nnermitglieder k\u00f6nnen alle werden: alle Personen und Institutionen, die ein Interesse am Werk &#8230; <a title=\"\u00dcber uns\" class=\"read-more\" href=\"https:\/\/natalesapone.ch\/index.php\/der-verein-werk-natale-sapone\/ueberuns\/\" aria-label=\"Mehr Informationen \u00fcber \u00dcber uns\">Weiterlesen<\/a><\/p>\n","protected":false},"author":2,"featured_media":0,"parent":178,"menu_order":0,"comment_status":"closed","ping_status":"closed","template":"","meta":{"ngg_post_thumbnail":0,"footnotes":""},"class_list":["post-182","page","type-page","status-publish"],"_links":{"self":[{"href":"https:\/\/natalesapone.ch\/index.php\/wp-json\/wp\/v2\/pages\/182"}],"collection":[{"href":"https:\/\/natalesapone.ch\/index.php\/wp-json\/wp\/v2\/pages"}],"about":[{"href":"https:\/\/natalesapone.ch\/index.php\/wp-json\/wp\/v2\/types\/page"}],"author":[{"embeddable":true,"href":"https:\/\/natalesapone.ch\/index.php\/wp-json\/wp\/v2\/users\/2"}],"replies":[{"embeddable":true,"href":"https:\/\/natalesapone.ch\/index.php\/wp-json\/wp\/v2\/comments?post=182"}],"version-history":[{"count":5,"href":"https:\/\/natalesapone.ch\/index.php\/wp-json\/wp\/v2\/pages\/182\/revisions"}],"predecessor-version":[{"id":514,"href":"https:\/\/natalesapone.ch\/index.php\/wp-json\/wp\/v2\/pages\/182\/revisions\/514"}],"up":[{"embeddable":true,"href":"https:\/\/natalesapone.ch\/index.php\/wp-json\/wp\/v2\/pages\/178"}],"wp:attachment":[{"href":"https:\/\/natalesapone.ch\/index.php\/wp-json\/wp\/v2\/media?parent=182"}],"curies":[{"name":"wp","href":"https:\/\/api.w.org\/{rel}","templated":true}]}}