{"id":180,"date":"2024-04-15T13:07:54","date_gmt":"2024-04-15T13:07:54","guid":{"rendered":"https:\/\/sapone.examedia.ch\/?page_id=180"},"modified":"2024-04-15T13:07:54","modified_gmt":"2024-04-15T13:07:54","slug":"gv-2023-des-vereins","status":"publish","type":"page","link":"https:\/\/natalesapone.ch\/index.php\/der-verein-werk-natale-sapone\/gv-2023-des-vereins\/","title":{"rendered":"GV 2023 des Vereins\u00a0"},"content":{"rendered":"\n<p>Am 26.Oktober 2023 fand die Generalversammlung des Vereins im Stadtlabor in Frauenfeld statt. Die zahlreichen Anwesenden waren sehr interessiert am Geschehen des Vereins in den letzten zwei Jahren. Dies ist insbesondere auch der aktiven Arbeit des Vorstands unter der Pr\u00e4sidentin a.I. Maggia Kopieczek-Boesch zu verdanken. Sie wird den Verein weiter als Vorstandsmitglied tatkr\u00e4ftig unterst\u00fctzen. Als neues Mitglied und auch Pr\u00e4sidentin wurde Simone B\u00fcchi-Kopieczek gew\u00e4hlt<\/p>\n","protected":false},"excerpt":{"rendered":"<p>Am 26.Oktober 2023 fand die Generalversammlung des Vereins im Stadtlabor in Frauenfeld statt. Die zahlreichen Anwesenden waren sehr interessiert am Geschehen des Vereins in den letzten zwei Jahren. Dies ist insbesondere auch der aktiven Arbeit des Vorstands unter der Pr\u00e4sidentin a.I. Maggia Kopieczek-Boesch zu verdanken. Sie wird den Verein weiter als Vorstandsmitglied tatkr\u00e4ftig unterst\u00fctzen. Als &#8230; <a title=\"GV 2023 des Vereins\u00a0\" class=\"read-more\" href=\"https:\/\/natalesapone.ch\/index.php\/der-verein-werk-natale-sapone\/gv-2023-des-vereins\/\" aria-label=\"Mehr Informationen \u00fcber GV 2023 des Vereins\u00a0\">Weiterlesen<\/a><\/p>\n","protected":false},"author":2,"featured_media":0,"parent":178,"menu_order":0,"comment_status":"closed","ping_status":"closed","template":"","meta":{"ngg_post_thumbnail":0,"footnotes":""},"class_list":["post-180","page","type-page","status-publish"],"_links":{"self":[{"href":"https:\/\/natalesapone.ch\/index.php\/wp-json\/wp\/v2\/pages\/180"}],"collection":[{"href":"https:\/\/natalesapone.ch\/index.php\/wp-json\/wp\/v2\/pages"}],"about":[{"href":"https:\/\/natalesapone.ch\/index.php\/wp-json\/wp\/v2\/types\/page"}],"author":[{"embeddable":true,"href":"https:\/\/natalesapone.ch\/index.php\/wp-json\/wp\/v2\/users\/2"}],"replies":[{"embeddable":true,"href":"https:\/\/natalesapone.ch\/index.php\/wp-json\/wp\/v2\/comments?post=180"}],"version-history":[{"count":1,"href":"https:\/\/natalesapone.ch\/index.php\/wp-json\/wp\/v2\/pages\/180\/revisions"}],"predecessor-version":[{"id":181,"href":"https:\/\/natalesapone.ch\/index.php\/wp-json\/wp\/v2\/pages\/180\/revisions\/181"}],"up":[{"embeddable":true,"href":"https:\/\/natalesapone.ch\/index.php\/wp-json\/wp\/v2\/pages\/178"}],"wp:attachment":[{"href":"https:\/\/natalesapone.ch\/index.php\/wp-json\/wp\/v2\/media?parent=180"}],"curies":[{"name":"wp","href":"https:\/\/api.w.org\/{rel}","templated":true}]}}