{"id":178,"date":"2024-04-15T13:07:06","date_gmt":"2024-04-15T13:07:06","guid":{"rendered":"https:\/\/sapone.examedia.ch\/?page_id=178"},"modified":"2024-04-15T13:07:06","modified_gmt":"2024-04-15T13:07:06","slug":"der-verein-werk-natale-sapone","status":"publish","type":"page","link":"https:\/\/natalesapone.ch\/index.php\/der-verein-werk-natale-sapone\/","title":{"rendered":"Der Verein Werk Natale Sapone"},"content":{"rendered":"\n<p>Am 15. September 2006, vier Jahre nach dem Tod des K\u00fcnstlers, wurde der Verein im ehemaligen Atelier gegr\u00fcndet. Die Angeh\u00f6rigen \u00fcbertrugen zu diesem Anlass die Verantwortung f\u00fcr circa 500 Skulpturen, Bilder und Entw\u00fcrfe mit dem Auftrag, den Nachlass einem interessierten Publikum zug\u00e4nglich zu machen.<\/p>\n\n\n\n<p>Der Verein sorgt daf\u00fcr, dass Sapones Werk einen Platz in guten H\u00e4nden findet. Er veranstaltet Ausstellungen, Lesungen und F\u00fchrungen und k\u00fcmmert sich um das Andenken des K\u00fcnstlers in Frauenfeld.<\/p>\n\n\n\n<p>Das Ziel des Vereins ist es, die im Nachlass befindlichen Werke von Natale Sapone dem Publikum zug\u00e4nglich zu machen. Dazu sind folgende Vorgehensweisen m\u00f6glich: Verk\u00e4ufe von Werken oder Werkgruppen an Private oder Institutionen sowie Schenkungen an kulturelle Institutionen, die sich nachhaltig im Bereich der Kultur bet\u00e4tigen.<\/p>\n","protected":false},"excerpt":{"rendered":"<p>Am 15. September 2006, vier Jahre nach dem Tod des K\u00fcnstlers, wurde der Verein im ehemaligen Atelier gegr\u00fcndet. Die Angeh\u00f6rigen \u00fcbertrugen zu diesem Anlass die Verantwortung f\u00fcr circa 500 Skulpturen, Bilder und Entw\u00fcrfe mit dem Auftrag, den Nachlass einem interessierten Publikum zug\u00e4nglich zu machen. Der Verein sorgt daf\u00fcr, dass Sapones Werk einen Platz in guten &#8230; <a title=\"Der Verein Werk Natale Sapone\" class=\"read-more\" href=\"https:\/\/natalesapone.ch\/index.php\/der-verein-werk-natale-sapone\/\" aria-label=\"Mehr Informationen \u00fcber Der Verein Werk Natale Sapone\">Weiterlesen<\/a><\/p>\n","protected":false},"author":2,"featured_media":0,"parent":0,"menu_order":0,"comment_status":"closed","ping_status":"closed","template":"","meta":{"ngg_post_thumbnail":0,"footnotes":""},"class_list":["post-178","page","type-page","status-publish"],"_links":{"self":[{"href":"https:\/\/natalesapone.ch\/index.php\/wp-json\/wp\/v2\/pages\/178"}],"collection":[{"href":"https:\/\/natalesapone.ch\/index.php\/wp-json\/wp\/v2\/pages"}],"about":[{"href":"https:\/\/natalesapone.ch\/index.php\/wp-json\/wp\/v2\/types\/page"}],"author":[{"embeddable":true,"href":"https:\/\/natalesapone.ch\/index.php\/wp-json\/wp\/v2\/users\/2"}],"replies":[{"embeddable":true,"href":"https:\/\/natalesapone.ch\/index.php\/wp-json\/wp\/v2\/comments?post=178"}],"version-history":[{"count":1,"href":"https:\/\/natalesapone.ch\/index.php\/wp-json\/wp\/v2\/pages\/178\/revisions"}],"predecessor-version":[{"id":179,"href":"https:\/\/natalesapone.ch\/index.php\/wp-json\/wp\/v2\/pages\/178\/revisions\/179"}],"wp:attachment":[{"href":"https:\/\/natalesapone.ch\/index.php\/wp-json\/wp\/v2\/media?parent=178"}],"curies":[{"name":"wp","href":"https:\/\/api.w.org\/{rel}","templated":true}]}}