{"id":168,"date":"2024-04-15T13:00:19","date_gmt":"2024-04-15T13:00:19","guid":{"rendered":"https:\/\/sapone.examedia.ch\/?page_id=168"},"modified":"2024-04-15T13:00:19","modified_gmt":"2024-04-15T13:00:19","slug":"ueber-den-kuenstler-natale-sapone","status":"publish","type":"page","link":"https:\/\/natalesapone.ch\/index.php\/die-zeitung-nannte-ihn-maestro\/ueber-den-kuenstler-natale-sapone\/","title":{"rendered":"\u00dcber den K\u00fcnstler Natale Sapone"},"content":{"rendered":"\n<p><q>Ich als S\u00fcditaliener bin in der Schweiz rationaler geworden.<\/q><br>Thurgauer Zeitung, 14. Sept 2000<\/p>\n\n\n\n<p>Natale Sapone hat sein Leben lang wie ein Besessener gearbeitet. Dabei h\u00f6rte er nie auf, seine Kunst weiter zu entwickeln, und wandelbar zu bleiben. Freunde und Kunstliebhaber blieben stets vor die Aufgabe gestellt, sich immer wieder neu mit seinem Werk und den Ver\u00e4nderungen seines k\u00fcnstlerischen Ausdrucks zu befassen.<\/p>\n","protected":false},"excerpt":{"rendered":"<p>Ich als S\u00fcditaliener bin in der Schweiz rationaler geworden.Thurgauer Zeitung, 14. Sept 2000 Natale Sapone hat sein Leben lang wie ein Besessener gearbeitet. Dabei h\u00f6rte er nie auf, seine Kunst weiter zu entwickeln, und wandelbar zu bleiben. Freunde und Kunstliebhaber blieben stets vor die Aufgabe gestellt, sich immer wieder neu mit seinem Werk und den &#8230; <a title=\"\u00dcber den K\u00fcnstler Natale Sapone\" class=\"read-more\" href=\"https:\/\/natalesapone.ch\/index.php\/die-zeitung-nannte-ihn-maestro\/ueber-den-kuenstler-natale-sapone\/\" aria-label=\"Mehr Informationen \u00fcber \u00dcber den K\u00fcnstler Natale Sapone\">Weiterlesen<\/a><\/p>\n","protected":false},"author":2,"featured_media":0,"parent":166,"menu_order":0,"comment_status":"closed","ping_status":"closed","template":"","meta":{"ngg_post_thumbnail":0,"footnotes":""},"class_list":["post-168","page","type-page","status-publish"],"_links":{"self":[{"href":"https:\/\/natalesapone.ch\/index.php\/wp-json\/wp\/v2\/pages\/168"}],"collection":[{"href":"https:\/\/natalesapone.ch\/index.php\/wp-json\/wp\/v2\/pages"}],"about":[{"href":"https:\/\/natalesapone.ch\/index.php\/wp-json\/wp\/v2\/types\/page"}],"author":[{"embeddable":true,"href":"https:\/\/natalesapone.ch\/index.php\/wp-json\/wp\/v2\/users\/2"}],"replies":[{"embeddable":true,"href":"https:\/\/natalesapone.ch\/index.php\/wp-json\/wp\/v2\/comments?post=168"}],"version-history":[{"count":1,"href":"https:\/\/natalesapone.ch\/index.php\/wp-json\/wp\/v2\/pages\/168\/revisions"}],"predecessor-version":[{"id":169,"href":"https:\/\/natalesapone.ch\/index.php\/wp-json\/wp\/v2\/pages\/168\/revisions\/169"}],"up":[{"embeddable":true,"href":"https:\/\/natalesapone.ch\/index.php\/wp-json\/wp\/v2\/pages\/166"}],"wp:attachment":[{"href":"https:\/\/natalesapone.ch\/index.php\/wp-json\/wp\/v2\/media?parent=168"}],"curies":[{"name":"wp","href":"https:\/\/api.w.org\/{rel}","templated":true}]}}